{"id":1053,"date":"2022-05-03T02:43:00","date_gmt":"2022-05-03T00:43:00","guid":{"rendered":"https:\/\/aadaheritage.com\/?page_id=1053"},"modified":"2022-12-17T13:32:07","modified_gmt":"2022-12-17T12:32:07","slug":"faq","status":"publish","type":"page","link":"https:\/\/aadaheritage.com\/en\/faq\/","title":{"rendered":"FAQ"},"content":{"rendered":"<h2 class=\"wp-block-heading\">Comment Utiliser les produits aada Heritage ?<\/h2>\n\n\n\n<p>Les produits aada Heritage se marient bien avec l&rsquo;eau, mais vous pouvez \u00e9galement le m\u00e9langer avec votre smoothie, jus ou lait pr\u00e9f\u00e9r\u00e9. Les portions varient selon le produit. Visitez notre <a href=\"https:\/\/aadaheritage.com\/en\/shop\/\">boutique<\/a> pour plus d&rsquo;informations.<\/p>\n\n\n\n<h2 class=\"wp-block-heading\">Dois-je prendre les produits aada Heritage tous les jours ?<\/h2>\n\n\n\n<p>Oui, nous recommandons une portion par jour. Les avantages des produits aada Heritage sont cumulatifs et augmentent avec le temps. \u00c9tant donn\u00e9 que votre alimentation varie d&rsquo;un jour \u00e0 l&rsquo;autre, vous devez \u00e9galement tenir compte de vos besoins nutritionnels. Visitez notre <a href=\"https:\/\/aadaheritage.com\/en\/shop\/\">boutique<\/a> pour plus d&rsquo;informations.<\/p>\n\n\n\n<h2 class=\"wp-block-heading\">Avec quoi puis-je m\u00e9langer les produits aada Heritage ?<\/h2>\n\n\n\n<p>Vous pouvez m\u00e9langer les produits aada Heritage avec bon nombre de repas et de boissons. La seule chose que nous d\u00e9conseillons est de m\u00e9langer nos produits avec des liquides trop chauds ou fortement acides, car cela peut affecter l&rsquo;int\u00e9grit\u00e9 et l&rsquo;efficacit\u00e9 de certains ingr\u00e9dients.<\/p>\n\n\n\n<h2 class=\"wp-block-heading\">Dois-je mettre les produits aada Heritage au r\u00e9frig\u00e9rateur ?<\/h2>\n\n\n\n<p>Les produits aada Heritage sont des produits secs. Les meilleurs endroits de conservation sont dans un environnement sec \u00e0 temp\u00e9rature ambiante.<\/p>\n\n\n\n<h2 class=\"wp-block-heading\">Avez-vous des recettes ?<\/h2>\n\n\n\n<p>Nous avons des recettes sp\u00e9cialement pour vous. Visitez notre page <a href=\"https:\/\/www.instagram.com\/aada.heritage\/\">Instagram<\/a> pour plus d&rsquo;informations.<\/p>\n\n\n\n<h2 class=\"wp-block-heading\">Quels modes de paiements acceptez-vous ?<\/h2>\n\n\n\n<p>Le paiement s&rsquo;effectue au moment de la livraison de votre commande. Si vous choisissez le mode de livraison avec Paps, le montant total de la commande sera \u00e0 remettre au coursier. Si vous optez pour de retirer votre commande \u00e0 nos points de vente, le paiement se fera sur place. Une solution de paiement par transfert d&rsquo;argent est \u00e9galement bient\u00f4t possible pour les commandes au S\u00e9n\u00e9gal et dans la sous-r\u00e9gion notamment.<\/p>\n\n\n\n<h2 class=\"wp-block-heading\">Comment modifier ou annuler une commande ?<\/h2>\n\n\n\n<p>D\u00e8s r\u00e9ception de votre commande, celle-ci sera exp\u00e9di\u00e9e de notre entrep\u00f4t dans les plus brefs d\u00e9lais. Si vous devez annuler ou modifier votre commande, veuillez <a href=\"https:\/\/aadaheritage.com\/en\/contact\/\">contacter<\/a> notre service client d\u00e8s que possible. Nous ferons de notre mieux pour faire des ajustements.<\/p>\n\n\n\n<h2 class=\"wp-block-heading\">Quel est votre politique de remboursement et de retour ?<\/h2>\n\n\n\n<p>Il est important pour nous que nos clients soient satisfaits. Votre achat est donc couvert par notre incroyable garantie de remboursement de 30 jours. Si vous n&rsquo;\u00eates pas satisfait \u00e0 100 %, vous pouvez nous <a href=\"https:\/\/aadaheritage.com\/en\/contact\/\">contacter<\/a> dans les 30 jours suivant votre premi\u00e8re commande pour le remboursement de cette derni\u00e8re.<\/p>\n\n\n\n<h2 class=\"wp-block-heading\">O\u00f9 livrez-vous ?<\/h2>\n\n\n\n<p>Nous livrons actuellement exclusivement au S\u00e9n\u00e9gal. Nos produits seront bient\u00f4t disponibles en C\u00f4te d&rsquo;Ivoire. <\/p>\n\n\n\n<h2 class=\"wp-block-heading\">Comment suivre ma commande ?<\/h2>\n\n\n\n<p>Nous vous enverrons une confirmation d&rsquo;exp\u00e9dition par e-mail lorsque votre commande sera en route. Selon le cas, l&rsquo;e-mail contiendra votre num\u00e9ro de suivi afin que tu puisses garder un \u0153il sur votre envoi.<\/p>\n\n\n\n<p>Parfois, ces e-mails se retrouvent dans votre dossier de spam ou dans l&rsquo;onglet \u00ab\u00a0Promotions\u00a0\u00bb de Gmail. Si vous ne trouvez pas votre confirmation d&rsquo;exp\u00e9dition, recherchez tous les e-mails de <a href=\"mailto:info@aadaheritage.com\">info@aadaheritage.com<\/a> dans votre bo\u00eete de r\u00e9ception.<\/p>\n\n\n\n<p>Si vous ne pouvez pas suivre votre commande avec succ\u00e8s, veuillez <a href=\"https:\/\/aadaheritage.com\/en\/contact\/\" title=\"\">contacter<\/a> notre service client, qui se fera un plaisir de vous aider. &nbsp;&nbsp;<\/p>\n\n\n\n<h2 class=\"wp-block-heading\">Est ce que les produits aada Heritage conviennent \u00e0 mon alimentation ?<\/h2>\n\n\n\n<p>Les produits aada Heritage conviennent \u00e0 une vari\u00e9t\u00e9 de r\u00e9gimes et de modes de vie diff\u00e9rents, cependant si vous avez des inqui\u00e9tudes, veuillez consulter un professionnel de la sant\u00e9.<\/p>\n\n\n\n<h2 class=\"wp-block-heading\">Comment vous joindre ?<\/h2>\n\n\n\n<p>Pour des questions et\/ou des commentaires sur notre politique de cookies et cette d\u00e9claration, veuillez nous contacter en utilisant les coordonn\u00e9es suivantes&nbsp;:<\/p>\n\n\n\n<p>aada Heritage<br>Maristes, Dakar<br>S\u00e9n\u00e9gal<br>Site web\u00a0:\u00a0<a href=\"https:\/\/aadaheritage.com\/en\/\">https:\/\/aadaheritage.com<\/a><br>E-mail\u00a0:\u00a0<a href=\"mailto:info@aadaheritage.com\">info@aadaheritage.com<\/a><\/p>","protected":false},"excerpt":{"rendered":"<p>Comment Utiliser les produits aada Heritage ? Les produits aada Heritage se marient bien avec l&rsquo;eau, mais vous pouvez \u00e9galement le m\u00e9langer avec votre smoothie, jus ou lait pr\u00e9f\u00e9r\u00e9. Les portions varient selon le produit. Visitez notre boutique pour plus d&rsquo;informations. Dois-je prendre les produits aada Heritage tous les jours ? Oui, nous recommandons une [&hellip;]<\/p>\n","protected":false},"author":6,"featured_media":0,"parent":0,"menu_order":0,"comment_status":"closed","ping_status":"closed","template":"","meta":{"content-type":"","_monsterinsights_skip_tracking":false,"_monsterinsights_sitenote_active":false,"_monsterinsights_sitenote_note":"","_monsterinsights_sitenote_category":0,"footnotes":""},"class_list":["post-1053","page","type-page","status-publish","hentry"],"blocksy_meta":{"styles_descriptor":{"styles":{"desktop":"","tablet":"","mobile":""},"google_fonts":[],"version":6}},"aioseo_notices":[],"featured_image_urls_v2":{"full":"","thumbnail":"","medium":"","medium_large":"","large":"","1536x1536":"","2048x2048":"","trp-custom-language-flag":"","woocommerce_archive_thumbnail":"","woocommerce_thumbnail":"","woocommerce_single":"","woocommerce_gallery_thumbnail":""},"post_excerpt_stackable_v2":"<p>Comment Utiliser les produits aada Heritage ? Les produits aada Heritage se marient bien avec l&rsquo;eau, mais vous pouvez \u00e9galement le m\u00e9langer avec votre smoothie, jus ou lait pr\u00e9f\u00e9r\u00e9. Les portions varient selon le produit. Visitez notre boutique pour plus d&rsquo;informations. Dois-je prendre les produits aada Heritage tous les jours ? Oui, nous recommandons une portion par jour. Les avantages des produits aada Heritage sont cumulatifs et augmentent avec le temps. \u00c9tant donn\u00e9 que votre alimentation varie d&rsquo;un jour \u00e0 l&rsquo;autre, vous devez \u00e9galement tenir compte de vos besoins nutritionnels. Visitez notre boutique pour plus d&rsquo;informations. Avec quoi puis-je m\u00e9langer&hellip;<\/p>\n","category_list_v2":"","author_info_v2":{"name":"Admin","url":"https:\/\/aadaheritage.com\/en\/author\/admin-2\/"},"comments_num_v2":"0 comments","jetpack-related-posts":[{"id":784,"url":"https:\/\/aadaheritage.com\/en\/conditions-generales-de-vente-et-dutilisation\/","url_meta":{"origin":1053,"position":0},"title":"Conditions G\u00e9n\u00e9rales de vente et d&rsquo;utilisation","author":"aada","date":"22 November 2021","format":false,"excerpt":"Veuillez lire attentivement ces conditions d'utilisation et de vente avant de passer une commande en ligne ou d'utiliser ce site web ou tout autre site web d'Aada Heritage. ces conditions constituent un accord juridiquement contraignant entre vous et Aada Heritage. Ce site Web situ\u00e9 \u00e0 l'\u00a0adresse www.aadaheritage.http:\/\/www.aadaheritage.com\u00a0(le \u00ab\u00a0site Web\u00a0\u00bb) est\u2026","rel":"","context":"Similar post","block_context":{"text":"Similar post","link":""},"img":{"alt_text":"","src":"","width":0,"height":0},"classes":[]},{"id":1592,"url":"https:\/\/aadaheritage.com\/en\/articles\/","url_meta":{"origin":1053,"position":1},"title":"H\u00e9ritage de Bienfaits","author":"aada","date":"11 April 2023","format":false,"excerpt":"","rel":"","context":"Similar post","block_context":{"text":"Similar post","link":""},"img":{"alt_text":"","src":"","width":0,"height":0},"classes":[]},{"id":3,"url":"https:\/\/aadaheritage.com\/en\/politique-de-confidentialite\/","url_meta":{"origin":1053,"position":2},"title":"Politique de confidentialit\u00e9","author":"aada","date":"4 November 2021","format":false,"excerpt":"Cette politique de confidentialit\u00e9 explique comment Aada Heritage collecte, utilise, partage et prot\u00e8ge les informations personnelles, ainsi que les droits et choix de confidentialit\u00e9 que nous offrons, en relation avec nos sites Web, nos produits et services.\u00a0Dans cette politique de confidentialit\u00e9, \u00ab Aada Heritage \u00bb comprend Aada Heritage (S\u00e9n\u00e9gal), Aada\u2026","rel":"","context":"Similar post","block_context":{"text":"Similar post","link":""},"img":{"alt_text":"","src":"","width":0,"height":0},"classes":[]},{"id":5,"url":"https:\/\/aadaheritage.com\/en\/shop\/","url_meta":{"origin":1053,"position":3},"title":"La Boutique","author":"aada","date":"4 November 2021","format":false,"excerpt":"","rel":"","context":"Similar post","block_context":{"text":"Similar post","link":""},"img":{"alt_text":"","src":"","width":0,"height":0},"classes":[]},{"id":7,"url":"https:\/\/aadaheritage.com\/en\/paiement\/","url_meta":{"origin":1053,"position":4},"title":"Paiement","author":"aada","date":"4 November 2021","format":false,"excerpt":"Aller \u00e0 la Boutique","rel":"","context":"Similar post","block_context":{"text":"Similar post","link":""},"img":{"alt_text":"","src":"","width":0,"height":0},"classes":[]},{"id":6,"url":"https:\/\/aadaheritage.com\/en\/panier\/","url_meta":{"origin":1053,"position":5},"title":"Panier","author":"aada","date":"4 November 2021","format":false,"excerpt":"","rel":"","context":"Similar post","block_context":{"text":"Similar post","link":""},"img":{"alt_text":"","src":"","width":0,"height":0},"classes":[]}],"brizy_media":[],"_links":{"self":[{"href":"https:\/\/aadaheritage.com\/en\/wp-json\/wp\/v2\/pages\/1053","targetHints":{"allow":["GET"]}}],"collection":[{"href":"https:\/\/aadaheritage.com\/en\/wp-json\/wp\/v2\/pages"}],"about":[{"href":"https:\/\/aadaheritage.com\/en\/wp-json\/wp\/v2\/types\/page"}],"author":[{"embeddable":true,"href":"https:\/\/aadaheritage.com\/en\/wp-json\/wp\/v2\/users\/6"}],"replies":[{"embeddable":true,"href":"https:\/\/aadaheritage.com\/en\/wp-json\/wp\/v2\/comments?post=1053"}],"version-history":[{"count":6,"href":"https:\/\/aadaheritage.com\/en\/wp-json\/wp\/v2\/pages\/1053\/revisions"}],"predecessor-version":[{"id":1447,"href":"https:\/\/aadaheritage.com\/en\/wp-json\/wp\/v2\/pages\/1053\/revisions\/1447"}],"wp:attachment":[{"href":"https:\/\/aadaheritage.com\/en\/wp-json\/wp\/v2\/media?parent=1053"}],"curies":[{"name":"wp","href":"https:\/\/api.w.org\/{rel}","templated":true}]}}