{"id":3,"date":"2021-11-04T14:25:33","date_gmt":"2021-11-04T13:25:33","guid":{"rendered":"http:\/\/aadaheritage.com\/?page_id=3"},"modified":"2022-08-09T05:54:02","modified_gmt":"2022-08-09T03:54:02","slug":"politique-de-confidentialite","status":"publish","type":"page","link":"https:\/\/aadaheritage.com\/en\/politique-de-confidentialite\/","title":{"rendered":"Politique de confidentialit\u00e9"},"content":{"rendered":"<p><strong class=\"privacy-policy-tutorial\">Cette politique de confidentialit\u00e9 explique comment Aada Heritage collecte, utilise, partage et prot\u00e8ge les informations personnelles, ainsi que les droits et choix de confidentialit\u00e9 que nous offrons, en relation avec nos sites Web, nos produits et services.&nbsp;Dans cette politique de confidentialit\u00e9, \u00ab <strong class=\"privacy-policy-tutorial\">Aada Heritage<\/strong> \u00bb comprend <strong class=\"privacy-policy-tutorial\">Aada Heritage<\/strong><\/strong><strong> (S\u00e9n\u00e9gal), <\/strong><strong class=\"privacy-policy-tutorial\"><strong class=\"privacy-policy-tutorial\">Aada Heritage<\/strong> (Canada), <strong class=\"privacy-policy-tutorial\">Aada Heritage<\/strong><\/strong> <strong class=\"privacy-policy-tutorial\">(France) et <strong class=\"privacy-policy-tutorial\">Aada Heritage<\/strong> (International).&nbsp;<\/strong><\/p>\n\n\n\n<h2 class=\"wp-block-heading\">Donn\u00e9es personnelles<\/h2>\n\n\n\n<p><strong>Informations que vous nous fournissez.&nbsp;<\/strong>&nbsp;Les informations personnelles que vous pouvez nous fournir incluent :<\/p>\n\n\n\n<ul class=\"wp-block-list\"><li><strong>Coordonn\u00e9es,&nbsp;<\/strong>&nbsp;telles que vos nom et pr\u00e9nom, nom de l&rsquo;organisation, adresses e-mail et postale et num\u00e9ro de t\u00e9l\u00e9phone.<\/li><li><strong>Les communications<\/strong>&nbsp;&nbsp;que nous \u00e9changeons avec vous, y compris lorsque vous nous contactez pour des questions, des commentaires ou autres.<\/li><li><strong>Historique des commandes et des achats<\/strong>&nbsp;, y compris vos interactions avec notre page de paiement.<\/li><li><strong>D\u00e9tails de paiement,<\/strong>&nbsp;tels que votre num\u00e9ro de carte de paiement, votre num\u00e9ro de compte bancaire et votre adresse de livraison.&nbsp;Nous comptons sur des fournisseurs de paiement, tels que <span style=\"color: var(--theme-palette-color-1, #00ad8e);\" class=\"stk-highlight\"><strong>Stripe<\/strong><\/span>, pour traiter les paiements et nous n&rsquo;avons pas acc\u00e8s aux num\u00e9ros de carte de paiement.<\/li><li><strong>Donn\u00e9es marketing<\/strong>&nbsp;, telles que vos pr\u00e9f\u00e9rences pour recevoir nos communications marketing et des d\u00e9tails sur votre engagement avec elles.<\/li><\/ul>\n\n\n\n<p><strong>Sources tierces.&nbsp;<\/strong>&nbsp;Nous pouvons combiner les informations personnelles que nous recevons de votre part avec des informations personnelles que nous obtenons d&rsquo;autres sources, telles que&nbsp;:<\/p>\n\n\n\n<ul class=\"wp-block-list\"><li><strong>Fournisseurs de donn\u00e9es<\/strong>&nbsp;, tels que les services d&rsquo;information, les coop\u00e9ratives de donn\u00e9es et les conc\u00e9dants de licence de donn\u00e9es.<\/li><li><strong>Sources publiques<\/strong>&nbsp;, telles que les plateformes de m\u00e9dias sociaux.<\/li><li><strong>Partenaires marketing<\/strong>&nbsp;, tels que les entreprises qui ont conclu des relations commerciales conjointes avec nous.<\/li><\/ul>\n\n\n\n<p><strong>Collecte automatique des donn\u00e9es.&nbsp;<\/strong>&nbsp;Nous, nos fournisseurs de services et nos partenaires commerciaux pouvons enregistrer automatiquement des informations sur vous, votre ordinateur ou votre appareil mobile, et votre interaction au fil du temps avec nos sites Web, nos services en ligne et nos communications, telles que :<\/p>\n\n\n\n<ul class=\"wp-block-list\"><li><strong>Les donn\u00e9es de l&rsquo;appareil,&nbsp;<\/strong>&nbsp;telles que le type et la version du syst\u00e8me d&rsquo;exploitation de votre ordinateur ou de votre appareil mobile, le fabricant et le mod\u00e8le, le type de navigateur, la r\u00e9solution de l&rsquo;\u00e9cran, la RAM et la taille du disque, l&rsquo;utilisation du processeur, le type d&rsquo;appareil (par exemple, t\u00e9l\u00e9phone, tablette), l&rsquo;adresse IP, les identifiants uniques ( y compris les identifiants utilis\u00e9s \u00e0 des fins publicitaires), les param\u00e8tres de langue, l&rsquo;op\u00e9rateur de l&rsquo;appareil mobile, les informations radio\/r\u00e9seau (par exemple, WiFi, LTE, 3G) et les informations g\u00e9n\u00e9rales de localisation telles que la ville, l&rsquo;\u00e9tat ou la zone g\u00e9ographique.<\/li><li><strong>Donn\u00e9es d&rsquo;activit\u00e9 en ligne,<\/strong>&nbsp;&nbsp;telles que les pages ou les \u00e9crans que vous avez consult\u00e9s, le temps que vous avez pass\u00e9 sur une page ou un \u00e9cran, le site Web que vous avez visit\u00e9 avant de naviguer sur nos sites Web, les chemins de navigation entre les pages ou les \u00e9crans, les informations sur votre activit\u00e9 sur une page ou un \u00e9cran, les acc\u00e8s fois, la dur\u00e9e d&rsquo;acc\u00e8s et si vous avez ouvert nos e-mails marketing ou cliqu\u00e9 sur les liens qu&rsquo;ils contiennent.<\/li><\/ul>\n\n\n\n<p><strong>Cookies et technologies similaires<\/strong>&nbsp;.&nbsp;Nos Services peuvent utiliser les technologies suivantes :<\/p>\n\n\n\n<ul class=\"wp-block-list\"><li><strong>Les cookies<\/strong>&nbsp;, qui sont des fichiers texte que les sites Web stockent sur l&rsquo;appareil d&rsquo;un visiteur pour identifier de mani\u00e8re unique le navigateur du visiteur ou pour stocker des informations ou des param\u00e8tres dans le navigateur dans le but de vous aider \u00e0 naviguer efficacement entre les pages, \u00e0 m\u00e9moriser vos pr\u00e9f\u00e9rences, \u00e0 activer des fonctionnalit\u00e9s, \u00e0 nous aider \u00e0 comprendre l&rsquo;utilisateur l&rsquo;activit\u00e9 et les mod\u00e8les, et faciliter la publicit\u00e9 en ligne.<\/li><li><strong>Les technologies de stockage local<\/strong>&nbsp;, telles que HTML5, qui fournissent une fonctionnalit\u00e9 \u00e9quivalente aux cookies, mais peuvent stocker de plus grandes quantit\u00e9s de donn\u00e9es, y compris sur votre appareil en dehors de votre navigateur, en relation avec des applications sp\u00e9cifiques.<\/li><li><strong>Les balises Web<\/strong>&nbsp;, \u00e9galement appel\u00e9es balises pixel ou GIF clairs, qui sont utilis\u00e9es pour d\u00e9montrer qu&rsquo;une page Web ou un e-mail a \u00e9t\u00e9 consult\u00e9 ou ouvert, ou que certains contenus ont \u00e9t\u00e9 consult\u00e9s ou cliqu\u00e9s.<\/li><\/ul>\n\n\n\n<h2 class=\"wp-block-heading\">Les droits que vous avez sur vos donn\u00e9es<\/h2>\n\n\n\n<p><strong>D\u00e9sactivation des communications marketing.&nbsp;<\/strong>Vous pouvez vous d\u00e9sinscrire des e-mails li\u00e9s au marketing en suivant les instructions de d\u00e9sinscription ou de d\u00e9sinscription au bas des e-mails que vous recevez de notre part.&nbsp;Vous pouvez continuer \u00e0 recevoir des e-mails li\u00e9s au service et d&rsquo;autres e-mails non marketing.<\/p>\n\n\n\n<p><strong>Ne pas suivre.&nbsp;<\/strong>Certains navigateurs Internet peuvent \u00eatre configur\u00e9s pour envoyer des signaux \u00ab Ne pas suivre \u00bb aux services en ligne que vous visitez.&nbsp;Nous ne r\u00e9pondons actuellement pas aux signaux \u00ab\u00a0Do Not Track\u00a0\u00bb ou similaires.&nbsp;Pour en savoir plus sur \u00ab\u00a0Ne pas suivre\u00a0\u00bb, veuillez visiter&nbsp;<a target=\"_blank\" rel=\"noreferrer noopener\" href=\"https:\/\/www.allaboutdnt.com\/\">www.allaboutdnt.com<\/a>&nbsp;.&nbsp;<\/p>\n\n\n\n<p><strong>D\u00e9sactivation du suivi en ligne.&nbsp;<\/strong>Il existe plusieurs fa\u00e7ons de limiter le suivi de votre activit\u00e9 en ligne et la collecte de donn\u00e9es de l&rsquo;appareil par des moyens automatis\u00e9s, que nous avons r\u00e9sum\u00e9es ci-dessous&nbsp;:<\/p>\n\n\n\n<ul class=\"wp-block-list\"><li><strong>Blocage des cookies dans votre navigateur<\/strong>&nbsp;.&nbsp;La plupart des navigateurs vous permettent de supprimer ou de rejeter les cookies, y compris les cookies utilis\u00e9s pour la publicit\u00e9 cibl\u00e9e par centres d&rsquo;int\u00e9r\u00eat.&nbsp;Pour ce faire, suivez les instructions dans les param\u00e8tres de votre navigateur.&nbsp;De nombreux navigateurs acceptent les cookies par d\u00e9faut jusqu&rsquo;\u00e0 ce que vous modifiiez vos param\u00e8tres.&nbsp;Pour plus d&rsquo;informations sur les cookies, y compris comment voir quels cookies ont \u00e9t\u00e9 d\u00e9finis sur votre appareil et comment les g\u00e9rer et les supprimer, visitez&nbsp;&nbsp;<a target=\"_blank\" rel=\"noreferrer noopener\" href=\"https:\/\/www.allaboutcookies.org\/\">www.allaboutcookies.org<\/a>&nbsp;.<\/li><li><strong>Blocage de l&rsquo;utilisation de l&rsquo;identifiant publicitaire dans vos param\u00e8tres mobiles<\/strong>&nbsp;.&nbsp;Les param\u00e8tres de votre appareil mobile peuvent fournir des fonctionnalit\u00e9s pour limiter l&rsquo;utilisation de l&rsquo;identifiant publicitaire associ\u00e9 \u00e0 votre appareil mobile \u00e0 des fins publicitaires bas\u00e9es sur les centres d&rsquo;int\u00e9r\u00eat.<\/li><li><strong>Utilisation de plug-ins de confidentialit\u00e9 ou de navigateurs<\/strong>&nbsp;.&nbsp;Vous pouvez emp\u00eacher nos sites Web de d\u00e9finir des cookies utilis\u00e9s pour les publicit\u00e9s bas\u00e9es sur les int\u00e9r\u00eats en utilisant un navigateur avec des fonctionnalit\u00e9s de confidentialit\u00e9, comme&nbsp;&nbsp;<a target=\"_blank\" rel=\"noreferrer noopener\" href=\"https:\/\/brave.com\/\">Brave<\/a>&nbsp;, ou en installant des plugins de navigateur comme&nbsp;&nbsp;<a target=\"_blank\" rel=\"noreferrer noopener\" href=\"https:\/\/privacybadger.org\/\">Privacy Badger<\/a>&nbsp;,&nbsp;&nbsp;<a target=\"_blank\" rel=\"noreferrer noopener\" href=\"https:\/\/www.ghostery.com\/\">Ghostery<\/a>&nbsp;&nbsp;ou&nbsp;&nbsp;<a target=\"_blank\" rel=\"noreferrer noopener\" href=\"https:\/\/chrome.google.com\/webstore\/detail\/ublock-origin\/cjpalhdlnbpafiamejdnhcphjbkeiagm?hl=en\">uBlock Origin<\/a>&nbsp;, et en les configurant pour bloquer les cookies\/trackers tiers.&nbsp;Vous pouvez \u00e9galement d\u00e9sactiver Google Analytics en t\u00e9l\u00e9chargeant et en installant le plug-in de navigateur disponible sur :&nbsp;&nbsp;<a href=\"https:\/\/tools.google.com\/dlpage\/gaoptout\">https:\/\/tools.google.com\/dlpage\/gaoptout<\/a>&nbsp;.<\/li><\/ul>\n\n\n\n<h2 class=\"wp-block-heading\">Contenu embarqu\u00e9 depuis d\u2019autres sites<\/h2>\n\n\n\n<p>Nos services peuvent contenir des liens vers des sites Web et d&rsquo;autres services en ligne exploit\u00e9s par des tiers.&nbsp;De plus, notre contenu peut \u00eatre int\u00e9gr\u00e9 dans des pages Web ou d&rsquo;autres services en ligne qui ne nous sont pas associ\u00e9s.&nbsp;Ces liens et int\u00e9grations ne constituent pas une approbation ou une repr\u00e9sentation que nous sommes affili\u00e9s \u00e0 un tiers.&nbsp;Nous ne contr\u00f4lons pas les sites Web ou les services en ligne exploit\u00e9s par des tiers, et nous ne sommes pas responsables de leurs actions.<\/p>\n\n\n\n<h2 class=\"wp-block-heading\">Utilisation et transmission de vos donn\u00e9es personnelles<\/h2>\n\n\n\n<p>Nous utilisons vos informations personnelles aux fins suivantes :<\/p>\n\n\n\n<p><strong>Service de livraison.&nbsp;<\/strong>&nbsp;Nous utilisons vos informations personnelles pour :<\/p>\n\n\n\n<ul class=\"wp-block-list\"><li>Fournir, exploiter et am\u00e9liorer nos Services et nos activit\u00e9s&nbsp;;<\/li><li>Traiter vos paiements et effectuer des transactions avec vous&nbsp;;<\/li><li>Communiquer avec vous \u00e0 propos de nos Services, notamment en envoyant des annonces, des mises \u00e0 jour, des alertes de s\u00e9curit\u00e9 et des messages d&rsquo;assistance et d&rsquo;administration&nbsp;;<\/li><li>Comprendre vos besoins et int\u00e9r\u00eats, et personnaliser votre exp\u00e9rience avec les Services et nos communications&nbsp;;&nbsp;et<\/li><li>Fournir une assistance pour nos Services et r\u00e9pondre \u00e0 vos demandes, questions et commentaires.<\/li><\/ul>\n\n\n\n<p><strong>Recherche et d\u00e9veloppement.&nbsp;<\/strong>&nbsp;Nous pouvons utiliser vos informations personnelles \u00e0 des fins de recherche et de d\u00e9veloppement, notamment pour analyser et am\u00e9liorer nos Services et nos activit\u00e9s.&nbsp;Dans le cadre de ces activit\u00e9s, nous pouvons cr\u00e9er des donn\u00e9es agr\u00e9g\u00e9es, d\u00e9personnalis\u00e9es ou anonymes \u00e0 partir des informations personnelles que nous collectons.&nbsp;Nous transformons les informations personnelles en donn\u00e9es anonymes en supprimant les informations qui rendent les donn\u00e9es personnellement identifiables pour vous.&nbsp;Nous pouvons utiliser ces donn\u00e9es anonymes et les partager avec des tiers \u00e0 des fins commerciales l\u00e9gitimes, notamment pour analyser et am\u00e9liorer nos Services et promouvoir notre entreprise.<\/p>\n\n\n\n<p><strong>Marketing et publicit\u00e9.&nbsp;<\/strong>&nbsp;Nous, nos fournisseurs de services et nos partenaires publicitaires tiers pouvons collecter et utiliser vos informations personnelles aux fins de marketing et de publicit\u00e9 suivantes&nbsp;:<\/p>\n\n\n\n<ul class=\"wp-block-list\"><li><strong>Marketing direct.&nbsp;<\/strong>&nbsp;Nous pouvons vous envoyer des communications de marketing direct li\u00e9es \u00e0 Aada Heritage dans la mesure permise par la loi, y compris par e-mail.&nbsp;Vous pouvez vous d\u00e9sinscrire de nos communications marketing comme d\u00e9crit dans la section D\u00e9sactivation du marketing.<\/li><li><strong>Publicit\u00e9 bas\u00e9e sur les centres d&rsquo;int\u00e9r\u00eat.&nbsp;<\/strong>&nbsp;Nous pouvons engager des soci\u00e9t\u00e9s de publicit\u00e9 tierces et des soci\u00e9t\u00e9s de m\u00e9dias sociaux pour afficher des publicit\u00e9s sur nos sites Web et d&rsquo;autres services en ligne.&nbsp;Ces soci\u00e9t\u00e9s peuvent utiliser des cookies et des technologies similaires pour collecter des informations sur vos interactions (y compris les donn\u00e9es d\u00e9crites dans la section \u00ab Collecte automatique de donn\u00e9es \u00bb) au fil du temps sur nos Services, et utiliser ces informations pour diffuser des publicit\u00e9s en ligne susceptibles de vous int\u00e9resser.&nbsp;C&rsquo;est ce qu&rsquo;on appelle la publicit\u00e9 cibl\u00e9e par centres d&rsquo;int\u00e9r\u00eat.&nbsp;Nous pouvons \u00e9galement partager des informations sur nos utilisateurs avec ces soci\u00e9t\u00e9s afin de faciliter la publicit\u00e9 cibl\u00e9e par centres d&rsquo;int\u00e9r\u00eat pour eux ou des utilisateurs similaires sur d&rsquo;autres plateformes en ligne.&nbsp;Vous pouvez en savoir plus sur vos choix pour limiter la publicit\u00e9 cibl\u00e9e par centres d&rsquo;int\u00e9r\u00eat dans la section \u00ab&nbsp;Les droits que vous avez sur vos donn\u00e9es&nbsp;\u00bb ci-dessous.<\/li><\/ul>\n\n\n\n<p><strong>Conformit\u00e9 et protection.&nbsp;<\/strong>&nbsp;Nous pouvons utiliser vos informations personnelles pour :<\/p>\n\n\n\n<ul class=\"wp-block-list\"><li>Prot\u00e9ger nos droits, la vie priv\u00e9e, la s\u00e9curit\u00e9 ou la propri\u00e9t\u00e9, ainsi que les v\u00f4tres ou ceux d&rsquo;autrui (y compris en faisant et en d\u00e9fendant des r\u00e9clamations l\u00e9gales)&nbsp;;<\/li><li>Auditer nos processus internes pour la conformit\u00e9 aux exigences l\u00e9gales et contractuelles et aux politiques internes&nbsp;;<\/li><li>Appliquer les termes et conditions qui r\u00e9gissent nos Services&nbsp;;&nbsp;et<\/li><li>Pr\u00e9venir, identifier, enqu\u00eater et dissuader les activit\u00e9s frauduleuses, nuisibles, non autoris\u00e9es, contraires \u00e0 l&rsquo;\u00e9thique ou ill\u00e9gales, y compris les cyberattaques et le vol d&rsquo;identit\u00e9.<\/li><\/ul>\n\n\n\n<p><strong>Se conformer \u00e0 la loi.&nbsp;<\/strong>Nous pouvons utiliser vos informations personnelles pour nous conformer aux lois applicables, aux demandes l\u00e9gales et aux proc\u00e9dures judiciaires, par exemple pour r\u00e9pondre aux assignations \u00e0 compara\u00eetre ou aux demandes des autorit\u00e9s gouvernementales.<\/p>\n\n\n\n<p><\/p>\n\n\n\n<p>Nous pouvons partager vos informations personnelles avec :<\/p>\n\n\n\n<p><strong>Les fournisseurs de services.&nbsp;<\/strong>Les entreprises et les personnes qui fournissent des services en notre nom ou nous aident \u00e0 exploiter nos services ou notre entreprise (tels que l&rsquo;h\u00e9bergement, les technologies de l&rsquo;information, le support client, la livraison d&rsquo;e-mails et les services d&rsquo;analyse de sites Web).<\/p>\n\n\n\n<p><strong>Processeurs de paiement.&nbsp;<\/strong>Lorsque vous effectuez un achat chez Aada Heritage, les informations de votre carte de paiement sont collect\u00e9es et trait\u00e9es directement par nos processeurs de paiement, tels que <span style=\"color: var(--theme-palette-color-1, #00ad8e);\" class=\"stk-highlight\"><strong>Stripe<\/strong><\/span>.&nbsp;Nous n&rsquo;enregistrons ni ne conservons les d\u00e9tails de carte de paiement ou de compte bancaire.&nbsp;Ces processeurs de paiement peuvent utiliser vos donn\u00e9es de paiement conform\u00e9ment \u00e0 leurs politiques de confidentialit\u00e9.&nbsp;La politique de confidentialit\u00e9 de Stripe est disponible sur&nbsp;<a href=\"https:\/\/stripe.com\/privacy\" target=\"_blank\" rel=\"noreferrer noopener\">https:\/\/stripe.com\/privacy<\/a>&nbsp;.<\/p>\n\n\n\n<p><strong>Tiers.&nbsp;<\/strong>Des tiers, tels que des soci\u00e9t\u00e9s de publicit\u00e9, des fournisseurs de donn\u00e9es et des coop\u00e9ratives de donn\u00e9es, telles qu&rsquo;Oracle et Epsilon, \u00e0 des fins de publicit\u00e9 cibl\u00e9e par centres d&rsquo;int\u00e9r\u00eat et \u00e0 d&rsquo;autres fins de marketing, y compris les propres fins de ces tiers.<\/p>\n\n\n\n<p><strong>Conseillers professionnels.&nbsp;<\/strong>Des conseillers professionnels, tels que des avocats, des auditeurs, des banquiers et des assureurs, si n\u00e9cessaire dans le cadre des services professionnels qu&rsquo;ils nous rendent.<\/p>\n\n\n\n<p><strong>Autorit\u00e9s et autres.&nbsp;<\/strong>Les forces de l&rsquo;ordre, les autorit\u00e9s gouvernementales et les parties priv\u00e9es, car nous pensons de bonne foi qu&rsquo;elles sont n\u00e9cessaires ou appropri\u00e9es aux fins de conformit\u00e9 et de protection d\u00e9crites ci-dessus.<\/p>\n\n\n\n<p><strong>Les repreneurs d&rsquo;entreprise.&nbsp;<\/strong>&nbsp;Les acqu\u00e9reurs et autres participants concern\u00e9s dans les transactions commerciales (ou les n\u00e9gociations de telles transactions) impliquant une cession d&rsquo;entreprise, une fusion, une consolidation, une acquisition, une r\u00e9organisation, une vente ou une autre disposition de tout ou partie de l&rsquo;entreprise ou des actifs ou des participations dans, Aada Heritage (y compris, dans le cadre d&rsquo;une faillite ou d&rsquo;une proc\u00e9dure similaire).<\/p>\n\n\n\n<p>Veuillez garder \u00e0 l&rsquo;esprit que chaque fois que vous mettez volontairement vos informations personnelles \u00e0 la disposition de tiers ou du public sur ou via nos Services, ces informations peuvent \u00eatre vues, collect\u00e9es et utilis\u00e9es par d&rsquo;autres.&nbsp;Nous ne sommes pas responsables de l&rsquo;utilisation de ces informations par d&rsquo;autres.<\/p>\n\n\n\n<p>Notre si\u00e8ge social est aux S\u00e9n\u00e9gal et il nous est n\u00e9cessaire de traiter les informations personnelles aux S\u00e9n\u00e9gal et dans d&rsquo;autres pays pour fournir nos Services.<\/p>\n\n\n\n<h2 class=\"wp-block-heading\">Modifications de cette politique de confidentialit\u00e9<\/h2>\n\n\n\n<p>Nous nous r\u00e9servons le droit de modifier cette politique de confidentialit\u00e9 \u00e0 tout moment.&nbsp;Si la loi l&rsquo;exige, nous fournirons une notification des modifications d&rsquo;une mani\u00e8re que nous estimons raisonnablement susceptible de vous atteindre, comme par e-mail ou d&rsquo;une autre mani\u00e8re via nos Services.&nbsp;Toute modification de cette politique de confidentialit\u00e9 entrera en vigueur d\u00e8s que nous publierons la version modifi\u00e9e.&nbsp;Dans tous les cas, votre utilisation de nos Services apr\u00e8s la date d&rsquo;entr\u00e9e en vigueur de toute Politique de confidentialit\u00e9 modifi\u00e9e indique votre acceptation de la Politique de confidentialit\u00e9 modifi\u00e9e.<\/p>\n\n\n\n<h2 class=\"wp-block-heading\">Coordon\u00e9es<\/h2>\n\n\n\n<p>Pour des questions et\/ou des commentaires sur notre politique de cookies et cette d\u00e9claration, veuillez nous contacter en utilisant les coordonn\u00e9es suivantes&nbsp;:<\/p>\n\n\n\n<p>Aada-Heritage<br>S\u00e9n\u00e9gal, Dakar, Maristes<br>S\u00e9n\u00e9gal<br>Site web\u00a0:\u00a0<a href=\"https:\/\/aadaheritage.com\/en\/\">https:\/\/aadaheritage.com<\/a><br>E-mail\u00a0:\u00a0info@aadaheritage.com<\/p>","protected":false},"excerpt":{"rendered":"<p>Cette politique de confidentialit\u00e9 explique comment Aada Heritage collecte, utilise, partage et prot\u00e8ge les informations personnelles, ainsi que les droits et choix de confidentialit\u00e9 que nous offrons, en relation avec nos sites Web, nos produits et services.&nbsp;Dans cette politique de confidentialit\u00e9, \u00ab Aada Heritage \u00bb comprend Aada Heritage (S\u00e9n\u00e9gal), Aada Heritage (Canada), Aada Heritage (France) [&hellip;]<\/p>\n","protected":false},"author":1,"featured_media":0,"parent":0,"menu_order":0,"comment_status":"closed","ping_status":"open","template":"","meta":{"content-type":"","_monsterinsights_skip_tracking":false,"_monsterinsights_sitenote_active":false,"_monsterinsights_sitenote_note":"","_monsterinsights_sitenote_category":0,"footnotes":""},"class_list":["post-3","page","type-page","status-publish","hentry"],"blocksy_meta":{"styles_descriptor":{"styles":{"desktop":"","tablet":"","mobile":""},"google_fonts":[],"version":6}},"aioseo_notices":[],"featured_image_urls_v2":{"full":"","thumbnail":"","medium":"","medium_large":"","large":"","1536x1536":"","2048x2048":"","trp-custom-language-flag":"","woocommerce_archive_thumbnail":"","woocommerce_thumbnail":"","woocommerce_single":"","woocommerce_gallery_thumbnail":""},"post_excerpt_stackable_v2":"<p>Cette politique de confidentialit\u00e9 explique comment Aada Heritage collecte, utilise, partage et prot\u00e8ge les informations personnelles, ainsi que les droits et choix de confidentialit\u00e9 que nous offrons, en relation avec nos sites Web, nos produits et services.&nbsp;Dans cette politique de confidentialit\u00e9, \u00ab Aada Heritage \u00bb comprend Aada Heritage (S\u00e9n\u00e9gal), Aada Heritage (Canada), Aada Heritage (France) et Aada Heritage (International).&nbsp; Donn\u00e9es personnelles Informations que vous nous fournissez.&nbsp;&nbsp;Les informations personnelles que vous pouvez nous fournir incluent : Coordonn\u00e9es,&nbsp;&nbsp;telles que vos nom et pr\u00e9nom, nom de l&rsquo;organisation, adresses e-mail et postale et num\u00e9ro de t\u00e9l\u00e9phone.Les communications&nbsp;&nbsp;que nous \u00e9changeons avec vous, y compris lorsque&hellip;<\/p>\n","category_list_v2":"","author_info_v2":{"name":"aada","url":"https:\/\/aadaheritage.com\/en\/author\/admin-aada\/"},"comments_num_v2":"0 comments","jetpack-related-posts":[{"id":784,"url":"https:\/\/aadaheritage.com\/en\/conditions-generales-de-vente-et-dutilisation\/","url_meta":{"origin":3,"position":0},"title":"Conditions G\u00e9n\u00e9rales de vente et d&rsquo;utilisation","author":"aada","date":"22 November 2021","format":false,"excerpt":"Veuillez lire attentivement ces conditions d'utilisation et de vente avant de passer une commande en ligne ou d'utiliser ce site web ou tout autre site web d'Aada Heritage. ces conditions constituent un accord juridiquement contraignant entre vous et Aada Heritage. Ce site Web situ\u00e9 \u00e0 l'\u00a0adresse www.aadaheritage.http:\/\/www.aadaheritage.com\u00a0(le \u00ab\u00a0site Web\u00a0\u00bb) est\u2026","rel":"","context":"Similar post","block_context":{"text":"Similar post","link":""},"img":{"alt_text":"","src":"","width":0,"height":0},"classes":[]},{"id":1053,"url":"https:\/\/aadaheritage.com\/en\/faq\/","url_meta":{"origin":3,"position":1},"title":"FAQ","author":"Admin","date":"3 May 2022","format":false,"excerpt":"Comment Utiliser les produits aada Heritage ? Les produits aada Heritage se marient bien avec l'eau, mais vous pouvez \u00e9galement le m\u00e9langer avec votre smoothie, jus ou lait pr\u00e9f\u00e9r\u00e9. Les portions varient selon le produit. Visitez notre boutique pour plus d'informations. Dois-je prendre les produits aada Heritage tous les jours\u2026","rel":"","context":"Similar post","block_context":{"text":"Similar post","link":""},"img":{"alt_text":"","src":"","width":0,"height":0},"classes":[]},{"id":1592,"url":"https:\/\/aadaheritage.com\/en\/articles\/","url_meta":{"origin":3,"position":2},"title":"H\u00e9ritage de Bienfaits","author":"aada","date":"11 April 2023","format":false,"excerpt":"","rel":"","context":"Similar post","block_context":{"text":"Similar post","link":""},"img":{"alt_text":"","src":"","width":0,"height":0},"classes":[]},{"id":819,"url":"https:\/\/aadaheritage.com\/en\/politique-de-cookies\/","url_meta":{"origin":3,"position":3},"title":"Politique de cookies","author":"aada","date":"28 November 2021","format":false,"excerpt":"","rel":"","context":"Similar post","block_context":{"text":"Similar post","link":""},"img":{"alt_text":"","src":"","width":0,"height":0},"classes":[]},{"id":5,"url":"https:\/\/aadaheritage.com\/en\/shop\/","url_meta":{"origin":3,"position":4},"title":"La Boutique","author":"aada","date":"4 November 2021","format":false,"excerpt":"","rel":"","context":"Similar post","block_context":{"text":"Similar post","link":""},"img":{"alt_text":"","src":"","width":0,"height":0},"classes":[]},{"id":6,"url":"https:\/\/aadaheritage.com\/en\/panier\/","url_meta":{"origin":3,"position":5},"title":"Panier","author":"aada","date":"4 November 2021","format":false,"excerpt":"","rel":"","context":"Similar post","block_context":{"text":"Similar post","link":""},"img":{"alt_text":"","src":"","width":0,"height":0},"classes":[]}],"brizy_media":[],"_links":{"self":[{"href":"https:\/\/aadaheritage.com\/en\/wp-json\/wp\/v2\/pages\/3","targetHints":{"allow":["GET"]}}],"collection":[{"href":"https:\/\/aadaheritage.com\/en\/wp-json\/wp\/v2\/pages"}],"about":[{"href":"https:\/\/aadaheritage.com\/en\/wp-json\/wp\/v2\/types\/page"}],"author":[{"embeddable":true,"href":"https:\/\/aadaheritage.com\/en\/wp-json\/wp\/v2\/users\/1"}],"replies":[{"embeddable":true,"href":"https:\/\/aadaheritage.com\/en\/wp-json\/wp\/v2\/comments?post=3"}],"version-history":[{"count":4,"href":"https:\/\/aadaheritage.com\/en\/wp-json\/wp\/v2\/pages\/3\/revisions"}],"predecessor-version":[{"id":1233,"href":"https:\/\/aadaheritage.com\/en\/wp-json\/wp\/v2\/pages\/3\/revisions\/1233"}],"wp:attachment":[{"href":"https:\/\/aadaheritage.com\/en\/wp-json\/wp\/v2\/media?parent=3"}],"curies":[{"name":"wp","href":"https:\/\/api.w.org\/{rel}","templated":true}]}}