{"id":2029,"date":"2025-02-24T16:00:29","date_gmt":"2025-02-24T15:00:29","guid":{"rendered":"https:\/\/aadaheritage.com\/?post_type=product&#038;p=2029"},"modified":"2025-02-24T16:07:03","modified_gmt":"2025-02-24T15:07:03","slug":"pack-katane-2-force-2-megabooster","status":"publish","type":"product","link":"https:\/\/aadaheritage.com\/en\/product\/pack-katane-2-force-2-megabooster\/","title":{"rendered":"PACK KATANE 2 FORCE \/ 2 MEGABOOSTER"},"content":{"rendered":"<p data-start=\"190\" data-end=\"557\"><strong data-start=\"190\" data-end=\"234\">Un concentr\u00e9 de puissance et d\u2019\u00e9nergie !<\/strong><br data-start=\"234\" data-end=\"237\" \/>Le <strong data-start=\"240\" data-end=\"255\">Pack Katane<\/strong> associe la puissance de la <strong data-start=\"283\" data-end=\"299\">poudre FORCE<\/strong>, compos\u00e9e de <strong data-start=\"313\" data-end=\"340\">gingembre et petit cola<\/strong>, et la formule <strong data-start=\"356\" data-end=\"372\">MEGA BOOSTER<\/strong>, un m\u00e9lange de <strong data-start=\"388\" data-end=\"422\">moringa, gingembre et hibiscus<\/strong>. Cette combinaison vous offre une synergie id\u00e9ale pour combattre la fatigue, renforcer l\u2019immunit\u00e9 et am\u00e9liorer la vitalit\u00e9 g\u00e9n\u00e9rale.<\/p>\n<p data-start=\"791\" data-end=\"915\">","protected":false},"excerpt":{"rendered":"<p><strong data-start=\"559\" data-end=\"574\">Bienfaits :<\/strong><br data-start=\"574\" data-end=\"577\" \/>\u2705 <strong data-start=\"579\" data-end=\"619\">Booste l\u2019\u00e9nergie et la concentration<\/strong><br data-start=\"619\" data-end=\"622\" \/>\u2705 <strong data-start=\"624\" data-end=\"658\">Stimule le syst\u00e8me immunitaire<\/strong><br data-start=\"658\" data-end=\"661\" \/>\u2705 <strong data-start=\"663\" data-end=\"688\">Aphrodisiaque naturel<\/strong><br data-start=\"688\" data-end=\"691\" \/>\u2705 <strong data-start=\"693\" data-end=\"730\">Antioxydant et anti-inflammatoire<\/strong><br data-start=\"730\" data-end=\"733\" \/>\u2705 <strong data-start=\"735\" data-end=\"787\">Am\u00e9liore la digestion et la circulation sanguine<\/strong><\/p>","protected":false},"featured_media":2030,"comment_status":"open","ping_status":"closed","template":"","meta":{"content-type":"","_monsterinsights_skip_tracking":false,"_monsterinsights_sitenote_active":false,"_monsterinsights_sitenote_note":"","_monsterinsights_sitenote_category":0},"product_brand":[],"product_cat":[25],"product_tag":[],"class_list":{"0":"post-2029","1":"product","2":"type-product","3":"status-publish","4":"has-post-thumbnail","6":"product_cat-super-food","8":"first","9":"instock","10":"taxable","11":"shipping-taxable","12":"purchasable","13":"product-type-simple"},"aioseo_notices":[],"featured_image_urls_v2":{"full":["https:\/\/aadaheritage.com\/wp-content\/uploads\/2025\/02\/3.png",1414,2000,false],"thumbnail":["https:\/\/aadaheritage.com\/wp-content\/uploads\/2025\/02\/3-150x150.png",150,150,true],"medium":["https:\/\/aadaheritage.com\/wp-content\/uploads\/2025\/02\/3-212x300.png",212,300,true],"medium_large":["https:\/\/aadaheritage.com\/wp-content\/uploads\/2025\/02\/3-768x1086.png",768,1086,true],"large":["https:\/\/aadaheritage.com\/wp-content\/uploads\/2025\/02\/3-724x1024.png",724,1024,true],"1536x1536":["https:\/\/aadaheritage.com\/wp-content\/uploads\/2025\/02\/3-1086x1536.png",1086,1536,true],"2048x2048":["https:\/\/aadaheritage.com\/wp-content\/uploads\/2025\/02\/3.png",1414,2000,false],"trp-custom-language-flag":["https:\/\/aadaheritage.com\/wp-content\/uploads\/2025\/02\/3-8x12.png",8,12,true],"woocommerce_archive_thumbnail":["https:\/\/aadaheritage.com\/wp-content\/uploads\/2025\/02\/3-300x300.png",300,300,true],"woocommerce_thumbnail":["https:\/\/aadaheritage.com\/wp-content\/uploads\/2025\/02\/3-300x300.png",300,300,true],"woocommerce_single":["https:\/\/aadaheritage.com\/wp-content\/uploads\/2025\/02\/3.png",600,849,false],"woocommerce_gallery_thumbnail":["https:\/\/aadaheritage.com\/wp-content\/uploads\/2025\/02\/3-100x100.png",100,100,true]},"post_excerpt_stackable_v2":"<p><strong data-start=\"559\" data-end=\"574\">Bienfaits :<\/strong><br data-start=\"574\" data-end=\"577\" \/>\u2705 <strong data-start=\"579\" data-end=\"619\">Booste l\u2019\u00e9nergie et la concentration<\/strong><br data-start=\"619\" data-end=\"622\" \/>\u2705 <strong data-start=\"624\" data-end=\"658\">Stimule le syst\u00e8me immunitaire<\/strong><br data-start=\"658\" data-end=\"661\" \/>\u2705 <strong data-start=\"663\" data-end=\"688\">Aphrodisiaque naturel<\/strong><br data-start=\"688\" data-end=\"691\" \/>\u2705 <strong data-start=\"693\" data-end=\"730\">Antioxydant et anti-inflammatoire<\/strong><br data-start=\"730\" data-end=\"733\" \/>\u2705 <strong data-start=\"735\" data-end=\"787\">Am\u00e9liore la digestion et la circulation sanguine<\/strong><\/p>\n","category_list_v2":"","author_info_v2":{"name":"","url":""},"comments_num_v2":"0 comments","jetpack-related-posts":[{"id":2035,"url":"https:\/\/aadaheritage.com\/en\/product\/pack-vivre-mieux-megabooster-baobab-moringa-petit-cola\/","url_meta":{"origin":2029,"position":0},"title":"PACK VIVRE MIEUX (Megabooster \/ Baobab \/ Moringa \/ Petit Cola)","author":"Admin","date":"24 February 2025","format":false,"excerpt":"Bienfaits :\u2705 Renforce l\u2019immunit\u00e9 et lutte contre la fatigue\u2705 Riche en vitamines et min\u00e9raux essentiels\u2705 Favorise une peau \u00e9clatante et une bonne digestion\u2705 Am\u00e9liore la circulation sanguine et r\u00e9duit les inflammations\u2705 Source exceptionnelle d\u2019antioxydants et d\u2019\u00e9nergie naturelle","rel":"","context":"Similar post","block_context":{"text":"Similar post","link":""},"img":{"alt_text":"","src":"https:\/\/aadaheritage.com\/wp-content\/uploads\/2025\/02\/PACK-PROMO-Document-A4-1.png","width":350,"height":200,"srcset":"https:\/\/aadaheritage.com\/wp-content\/uploads\/2025\/02\/PACK-PROMO-Document-A4-1.png 1x, https:\/\/aadaheritage.com\/wp-content\/uploads\/2025\/02\/PACK-PROMO-Document-A4-1.png 1.5x, https:\/\/aadaheritage.com\/wp-content\/uploads\/2025\/02\/PACK-PROMO-Document-A4-1.png 2x"},"classes":[]},{"id":2031,"url":"https:\/\/aadaheritage.com\/en\/product\/pack-minceur-gingembre-2-petit-cola-hibiscus\/","url_meta":{"origin":2029,"position":1},"title":"PACK MINCEUR (Gingembre \/ 2 Petit Cola \/ Hibiscus)","author":"Admin","date":"24 February 2025","format":false,"excerpt":"Bienfaits :\u2705 Acc\u00e9l\u00e8re la perte de poids naturellement\u2705 Br\u00fbleur de graisses et r\u00e9gulateur du m\u00e9tabolisme\u2705 Effet coupe-faim et \u00e9nergisant\u2705 Favorise une digestion saine et l\u00e9g\u00e8re\u2705 Aide \u00e0 lutter contre la r\u00e9tention d\u2019eau et le cholest\u00e9rol \u00a0 \u00a0 Bienfaits du gingembre et petit cola.","rel":"","context":"Similar post","block_context":{"text":"Similar post","link":""},"img":{"alt_text":"","src":"https:\/\/aadaheritage.com\/wp-content\/uploads\/2025\/02\/PACK-PROMO-Document-A4.png","width":350,"height":200,"srcset":"https:\/\/aadaheritage.com\/wp-content\/uploads\/2025\/02\/PACK-PROMO-Document-A4.png 1x, https:\/\/aadaheritage.com\/wp-content\/uploads\/2025\/02\/PACK-PROMO-Document-A4.png 1.5x, https:\/\/aadaheritage.com\/wp-content\/uploads\/2025\/02\/PACK-PROMO-Document-A4.png 2x"},"classes":[]},{"id":777,"url":"https:\/\/aadaheritage.com\/en\/product\/poudre-de-force\/","url_meta":{"origin":2029,"position":2},"title":"Poudre de Force","author":"aada","date":"18 November 2021","format":false,"excerpt":"Un alli\u00e9 de taille Ce m\u00e9lange a \u00e9t\u00e9 sp\u00e9cialement pens\u00e9 pour booster vos performances.Un m\u00e9lange unique de petit cola et de gimgembre. Poids : 100g","rel":"","context":"Similar post","block_context":{"text":"Similar post","link":""},"img":{"alt_text":"","src":"https:\/\/aadaheritage.com\/wp-content\/uploads\/2021\/11\/ef97e1ef-a458-4912-bffc-a3ae8bb58c21.jpg","width":350,"height":200,"srcset":"https:\/\/aadaheritage.com\/wp-content\/uploads\/2021\/11\/ef97e1ef-a458-4912-bffc-a3ae8bb58c21.jpg 1x, https:\/\/aadaheritage.com\/wp-content\/uploads\/2021\/11\/ef97e1ef-a458-4912-bffc-a3ae8bb58c21.jpg 1.5x, https:\/\/aadaheritage.com\/wp-content\/uploads\/2021\/11\/ef97e1ef-a458-4912-bffc-a3ae8bb58c21.jpg 2x"},"classes":[]},{"id":759,"url":"https:\/\/aadaheritage.com\/en\/product\/poudre-de-moringa\/","url_meta":{"origin":2029,"position":3},"title":"Poudre de Moringa","author":"aada","date":"18 November 2021","format":false,"excerpt":"Un concentr\u00e9 de vertus La poudre de feuilles de Moringa est utilis\u00e9e depuis des mill\u00e9naires pour ses vertus m\u00e9dicinales. Extr\u00eamement riche en nutriments, elle aide \u00e0 enforcer durablement le syst\u00e8me immunitaire. Poids : 100g","rel":"","context":"Similar post","block_context":{"text":"Similar post","link":""},"img":{"alt_text":"","src":"https:\/\/aadaheritage.com\/wp-content\/uploads\/2021\/11\/e0a5751a-a1a3-40b5-941c-13f2bdcb330f.jpg","width":350,"height":200,"srcset":"https:\/\/aadaheritage.com\/wp-content\/uploads\/2021\/11\/e0a5751a-a1a3-40b5-941c-13f2bdcb330f.jpg 1x, https:\/\/aadaheritage.com\/wp-content\/uploads\/2021\/11\/e0a5751a-a1a3-40b5-941c-13f2bdcb330f.jpg 1.5x, https:\/\/aadaheritage.com\/wp-content\/uploads\/2021\/11\/e0a5751a-a1a3-40b5-941c-13f2bdcb330f.jpg 2x"},"classes":[]},{"id":776,"url":"https:\/\/aadaheritage.com\/en\/product\/megaboost\/","url_meta":{"origin":2029,"position":4},"title":"Le Mega Booster","author":"aada","date":"18 November 2021","format":false,"excerpt":"Une long\u00e9vit\u00e9 certaine Ce m\u00e9lange est un compos\u00e9 de vitamines, sel min\u00e9raux, oligo-\u00e9l\u00e9ments, antioxydants r\u00e9vis\u00e9 par nos soins. C\u2019est juste un scandale de bienfaits qui ne de devrait pas exister. Poids : 100g","rel":"","context":"Similar post","block_context":{"text":"Similar post","link":""},"img":{"alt_text":"","src":"https:\/\/aadaheritage.com\/wp-content\/uploads\/2021\/11\/301eb4ae-714f-42e1-9b57-454031dfc658.jpg","width":350,"height":200,"srcset":"https:\/\/aadaheritage.com\/wp-content\/uploads\/2021\/11\/301eb4ae-714f-42e1-9b57-454031dfc658.jpg 1x, https:\/\/aadaheritage.com\/wp-content\/uploads\/2021\/11\/301eb4ae-714f-42e1-9b57-454031dfc658.jpg 1.5x, https:\/\/aadaheritage.com\/wp-content\/uploads\/2021\/11\/301eb4ae-714f-42e1-9b57-454031dfc658.jpg 2x"},"classes":[]},{"id":699,"url":"https:\/\/aadaheritage.com\/en\/product\/poudre-de-baobab\/","url_meta":{"origin":2029,"position":5},"title":"Poudre de Baobab","author":"aada","date":"6 November 2021","format":false,"excerpt":"La r\u00e9sistance \u00e0 l\u2019\u00e9tat pur Fruit de l'arbre mythique africain, il poss\u00e8de une d\u00e9licieuse saveur sucr\u00e9e subtilement acidul\u00e9e, et avec sa valeur nutritionnelle record, c'est un des meilleurs compl\u00e9ments alimentaires qu'il soit. Poids : 100g","rel":"","context":"Similar post","block_context":{"text":"Similar post","link":""},"img":{"alt_text":"","src":"https:\/\/aadaheritage.com\/wp-content\/uploads\/2021\/11\/1a05e9f0-8a3a-4f12-b19e-d108b794c7ae.jpg","width":350,"height":200,"srcset":"https:\/\/aadaheritage.com\/wp-content\/uploads\/2021\/11\/1a05e9f0-8a3a-4f12-b19e-d108b794c7ae.jpg 1x, https:\/\/aadaheritage.com\/wp-content\/uploads\/2021\/11\/1a05e9f0-8a3a-4f12-b19e-d108b794c7ae.jpg 1.5x, https:\/\/aadaheritage.com\/wp-content\/uploads\/2021\/11\/1a05e9f0-8a3a-4f12-b19e-d108b794c7ae.jpg 2x"},"classes":[]}],"_links":{"self":[{"href":"https:\/\/aadaheritage.com\/en\/wp-json\/wp\/v2\/product\/2029","targetHints":{"allow":["GET"]}}],"collection":[{"href":"https:\/\/aadaheritage.com\/en\/wp-json\/wp\/v2\/product"}],"about":[{"href":"https:\/\/aadaheritage.com\/en\/wp-json\/wp\/v2\/types\/product"}],"replies":[{"embeddable":true,"href":"https:\/\/aadaheritage.com\/en\/wp-json\/wp\/v2\/comments?post=2029"}],"wp:featuredmedia":[{"embeddable":true,"href":"https:\/\/aadaheritage.com\/en\/wp-json\/wp\/v2\/media\/2030"}],"wp:attachment":[{"href":"https:\/\/aadaheritage.com\/en\/wp-json\/wp\/v2\/media?parent=2029"}],"wp:term":[{"taxonomy":"product_brand","embeddable":true,"href":"https:\/\/aadaheritage.com\/en\/wp-json\/wp\/v2\/product_brand?post=2029"},{"taxonomy":"product_cat","embeddable":true,"href":"https:\/\/aadaheritage.com\/en\/wp-json\/wp\/v2\/product_cat?post=2029"},{"taxonomy":"product_tag","embeddable":true,"href":"https:\/\/aadaheritage.com\/en\/wp-json\/wp\/v2\/product_tag?post=2029"}],"curies":[{"name":"wp","href":"https:\/\/api.w.org\/{rel}","templated":true}]}}