{"id":2031,"date":"2025-02-24T16:06:27","date_gmt":"2025-02-24T15:06:27","guid":{"rendered":"https:\/\/aadaheritage.com\/?post_type=product&#038;p=2031"},"modified":"2025-03-13T17:21:24","modified_gmt":"2025-03-13T16:21:24","slug":"pack-minceur-gingembre-2-petit-cola-hibiscus","status":"publish","type":"product","link":"https:\/\/aadaheritage.com\/en\/product\/pack-minceur-gingembre-2-petit-cola-hibiscus\/","title":{"rendered":"PACK MINCEUR (Gingembre \/ 2 Petit Cola \/ Hibiscus)"},"content":{"rendered":"<p data-start=\"997\" data-end=\"1329\"><strong data-start=\"997\" data-end=\"1050\">Votre alli\u00e9 naturel pour une silhouette affin\u00e9e !<\/strong><br data-start=\"1050\" data-end=\"1053\" \/>Le <strong data-start=\"1056\" data-end=\"1072\">Pack Minceur<\/strong> combine les bienfaits du <strong data-start=\"1098\" data-end=\"1111\">gingembre<\/strong>, du <strong data-start=\"1116\" data-end=\"1130\">petit cola<\/strong> et de <strong data-start=\"1137\" data-end=\"1151\">l\u2019hibiscus<\/strong>, trois superfoods reconnus pour leur action br\u00fble-graisse, coupe-faim et digestive. Ce trio aide \u00e0 r\u00e9guler l\u2019app\u00e9tit, stimuler le m\u00e9tabolisme et favoriser une digestion saine.<\/p>\n<p data-start=\"1331\" data-end=\"1606\">","protected":false},"excerpt":{"rendered":"<p><strong data-start=\"1331\" data-end=\"1346\">Bienfaits :<\/strong><br data-start=\"1346\" data-end=\"1349\" \/>\u2705 <strong data-start=\"1351\" data-end=\"1395\">Acc\u00e9l\u00e8re la perte de poids naturellement<\/strong><br data-start=\"1395\" data-end=\"1398\" \/>\u2705 <strong data-start=\"1400\" data-end=\"1452\">Br\u00fbleur de graisses et r\u00e9gulateur du m\u00e9tabolisme<\/strong><br data-start=\"1452\" data-end=\"1455\" \/>\u2705 <strong data-start=\"1457\" data-end=\"1491\">Effet coupe-faim et \u00e9nergisant<\/strong><br data-start=\"1491\" data-end=\"1494\" \/>\u2705 <strong data-start=\"1496\" data-end=\"1538\">Favorise une digestion saine et l\u00e9g\u00e8re<\/strong><br data-start=\"1538\" data-end=\"1541\" \/>\u2705 <strong data-start=\"1543\" data-end=\"1604\">Aide \u00e0 lutter contre la r\u00e9tention d\u2019eau et le cholest\u00e9rol<\/strong><\/p>\n<p>&nbsp;<\/p>\n<p>&nbsp;<\/p>\n<p><em>Bienfaits du gingembre et petit cola.<\/em><\/p>","protected":false},"featured_media":2032,"comment_status":"open","ping_status":"closed","template":"","meta":{"content-type":"","_monsterinsights_skip_tracking":false,"_monsterinsights_sitenote_active":false,"_monsterinsights_sitenote_note":"","_monsterinsights_sitenote_category":0},"product_brand":[],"product_cat":[25],"product_tag":[],"class_list":{"0":"post-2031","1":"product","2":"type-product","3":"status-publish","4":"has-post-thumbnail","6":"product_cat-super-food","8":"first","9":"instock","10":"taxable","11":"shipping-taxable","12":"purchasable","13":"product-type-simple"},"aioseo_notices":[],"featured_image_urls_v2":{"full":["https:\/\/aadaheritage.com\/wp-content\/uploads\/2025\/02\/PACK-PROMO-Document-A4.png",1414,2000,false],"thumbnail":["https:\/\/aadaheritage.com\/wp-content\/uploads\/2025\/02\/PACK-PROMO-Document-A4-150x150.png",150,150,true],"medium":["https:\/\/aadaheritage.com\/wp-content\/uploads\/2025\/02\/PACK-PROMO-Document-A4-212x300.png",212,300,true],"medium_large":["https:\/\/aadaheritage.com\/wp-content\/uploads\/2025\/02\/PACK-PROMO-Document-A4-768x1086.png",768,1086,true],"large":["https:\/\/aadaheritage.com\/wp-content\/uploads\/2025\/02\/PACK-PROMO-Document-A4-724x1024.png",724,1024,true],"1536x1536":["https:\/\/aadaheritage.com\/wp-content\/uploads\/2025\/02\/PACK-PROMO-Document-A4-1086x1536.png",1086,1536,true],"2048x2048":["https:\/\/aadaheritage.com\/wp-content\/uploads\/2025\/02\/PACK-PROMO-Document-A4.png",1414,2000,false],"trp-custom-language-flag":["https:\/\/aadaheritage.com\/wp-content\/uploads\/2025\/02\/PACK-PROMO-Document-A4-8x12.png",8,12,true],"woocommerce_archive_thumbnail":["https:\/\/aadaheritage.com\/wp-content\/uploads\/2025\/02\/PACK-PROMO-Document-A4-300x300.png",300,300,true],"woocommerce_thumbnail":["https:\/\/aadaheritage.com\/wp-content\/uploads\/2025\/02\/PACK-PROMO-Document-A4-300x300.png",300,300,true],"woocommerce_single":["https:\/\/aadaheritage.com\/wp-content\/uploads\/2025\/02\/PACK-PROMO-Document-A4.png",600,849,false],"woocommerce_gallery_thumbnail":["https:\/\/aadaheritage.com\/wp-content\/uploads\/2025\/02\/PACK-PROMO-Document-A4-100x100.png",100,100,true]},"post_excerpt_stackable_v2":"<p><strong data-start=\"1331\" data-end=\"1346\">Bienfaits :<\/strong><br data-start=\"1346\" data-end=\"1349\" \/>\u2705 <strong data-start=\"1351\" data-end=\"1395\">Acc\u00e9l\u00e8re la perte de poids naturellement<\/strong><br data-start=\"1395\" data-end=\"1398\" \/>\u2705 <strong data-start=\"1400\" data-end=\"1452\">Br\u00fbleur de graisses et r\u00e9gulateur du m\u00e9tabolisme<\/strong><br data-start=\"1452\" data-end=\"1455\" \/>\u2705 <strong data-start=\"1457\" data-end=\"1491\">Effet coupe-faim et \u00e9nergisant<\/strong><br data-start=\"1491\" data-end=\"1494\" \/>\u2705 <strong data-start=\"1496\" data-end=\"1538\">Favorise une digestion saine et l\u00e9g\u00e8re<\/strong><br data-start=\"1538\" data-end=\"1541\" \/>\u2705 <strong data-start=\"1543\" data-end=\"1604\">Aide \u00e0 lutter contre la r\u00e9tention d\u2019eau et le cholest\u00e9rol<\/strong><\/p>\n<p>&nbsp;<\/p>\n<p>&nbsp;<\/p>\n<p><em>Bienfaits du gingembre et petit cola.<\/em><\/p>\n","category_list_v2":"","author_info_v2":{"name":"","url":""},"comments_num_v2":"0 comments","jetpack-related-posts":[{"id":2035,"url":"https:\/\/aadaheritage.com\/en\/product\/pack-vivre-mieux-megabooster-baobab-moringa-petit-cola\/","url_meta":{"origin":2031,"position":0},"title":"PACK VIVRE MIEUX (Megabooster \/ Baobab \/ Moringa \/ Petit Cola)","author":"Admin","date":"24 February 2025","format":false,"excerpt":"Bienfaits :\u2705 Renforce l\u2019immunit\u00e9 et lutte contre la fatigue\u2705 Riche en vitamines et min\u00e9raux essentiels\u2705 Favorise une peau \u00e9clatante et une bonne digestion\u2705 Am\u00e9liore la circulation sanguine et r\u00e9duit les inflammations\u2705 Source exceptionnelle d\u2019antioxydants et d\u2019\u00e9nergie naturelle","rel":"","context":"Similar post","block_context":{"text":"Similar post","link":""},"img":{"alt_text":"","src":"https:\/\/aadaheritage.com\/wp-content\/uploads\/2025\/02\/PACK-PROMO-Document-A4-1.png","width":350,"height":200,"srcset":"https:\/\/aadaheritage.com\/wp-content\/uploads\/2025\/02\/PACK-PROMO-Document-A4-1.png 1x, https:\/\/aadaheritage.com\/wp-content\/uploads\/2025\/02\/PACK-PROMO-Document-A4-1.png 1.5x, https:\/\/aadaheritage.com\/wp-content\/uploads\/2025\/02\/PACK-PROMO-Document-A4-1.png 2x"},"classes":[]},{"id":2029,"url":"https:\/\/aadaheritage.com\/en\/product\/pack-katane-2-force-2-megabooster\/","url_meta":{"origin":2031,"position":1},"title":"PACK KATANE 2 FORCE \/ 2 MEGABOOSTER","author":"Admin","date":"24 February 2025","format":false,"excerpt":"Bienfaits :\u2705 Booste l\u2019\u00e9nergie et la concentration\u2705 Stimule le syst\u00e8me immunitaire\u2705 Aphrodisiaque naturel\u2705 Antioxydant et anti-inflammatoire\u2705 Am\u00e9liore la digestion et la circulation sanguine","rel":"","context":"Similar post","block_context":{"text":"Similar post","link":""},"img":{"alt_text":"","src":"https:\/\/aadaheritage.com\/wp-content\/uploads\/2025\/02\/3.png","width":350,"height":200,"srcset":"https:\/\/aadaheritage.com\/wp-content\/uploads\/2025\/02\/3.png 1x, https:\/\/aadaheritage.com\/wp-content\/uploads\/2025\/02\/3.png 1.5x, https:\/\/aadaheritage.com\/wp-content\/uploads\/2025\/02\/3.png 2x"},"classes":[]},{"id":775,"url":"https:\/\/aadaheritage.com\/en\/product\/poudre-de-petit-cola\/","url_meta":{"origin":2031,"position":2},"title":"Poudre de Petit cola","author":"aada","date":"18 November 2021","format":false,"excerpt":"Un tonus assur\u00e9 Utilis\u00e9 dans la m\u00e9decine traditionnelle africaine depuis des si\u00e8cles, le petit cola ou encore bitter cola d\u00e9borde de vertus qui vous feront oublier son go\u00fbt amer. Poids : 100g","rel":"","context":"Similar post","block_context":{"text":"Similar post","link":""},"img":{"alt_text":"","src":"https:\/\/aadaheritage.com\/wp-content\/uploads\/2021\/11\/fc3432d9-9462-4d5a-b992-0064e913cb68-1.jpg","width":350,"height":200,"srcset":"https:\/\/aadaheritage.com\/wp-content\/uploads\/2021\/11\/fc3432d9-9462-4d5a-b992-0064e913cb68-1.jpg 1x, https:\/\/aadaheritage.com\/wp-content\/uploads\/2021\/11\/fc3432d9-9462-4d5a-b992-0064e913cb68-1.jpg 1.5x, https:\/\/aadaheritage.com\/wp-content\/uploads\/2021\/11\/fc3432d9-9462-4d5a-b992-0064e913cb68-1.jpg 2x"},"classes":[]},{"id":777,"url":"https:\/\/aadaheritage.com\/en\/product\/poudre-de-force\/","url_meta":{"origin":2031,"position":3},"title":"Poudre de Force","author":"aada","date":"18 November 2021","format":false,"excerpt":"Un alli\u00e9 de taille Ce m\u00e9lange a \u00e9t\u00e9 sp\u00e9cialement pens\u00e9 pour booster vos performances.Un m\u00e9lange unique de petit cola et de gimgembre. Poids : 100g","rel":"","context":"Similar post","block_context":{"text":"Similar post","link":""},"img":{"alt_text":"","src":"https:\/\/aadaheritage.com\/wp-content\/uploads\/2021\/11\/ef97e1ef-a458-4912-bffc-a3ae8bb58c21.jpg","width":350,"height":200,"srcset":"https:\/\/aadaheritage.com\/wp-content\/uploads\/2021\/11\/ef97e1ef-a458-4912-bffc-a3ae8bb58c21.jpg 1x, https:\/\/aadaheritage.com\/wp-content\/uploads\/2021\/11\/ef97e1ef-a458-4912-bffc-a3ae8bb58c21.jpg 1.5x, https:\/\/aadaheritage.com\/wp-content\/uploads\/2021\/11\/ef97e1ef-a458-4912-bffc-a3ae8bb58c21.jpg 2x"},"classes":[]},{"id":761,"url":"https:\/\/aadaheritage.com\/en\/product\/poudre-de-gingembre\/","url_meta":{"origin":2031,"position":4},"title":"Poudre de Gingembre","author":"aada","date":"18 November 2021","format":false,"excerpt":"Un fortifiant naturel On ne le pr\u00e9sente plus. Bien connu pour ses vertus aphrodisiaque, il se retrouve dans bon nombre de nos mets en tant qu'\u00e9pice. Cependant ce serait bien r\u00e9ducteur de s'en arr\u00eater l\u00e0. Le gingembre d\u00e9bordent de bienfaits qui vous rendront plus fort. Poids : 100g","rel":"","context":"Similar post","block_context":{"text":"Similar post","link":""},"img":{"alt_text":"","src":"https:\/\/aadaheritage.com\/wp-content\/uploads\/2021\/11\/1d2d24c9-d58c-4545-bff9-543c4aebad21.jpg","width":350,"height":200,"srcset":"https:\/\/aadaheritage.com\/wp-content\/uploads\/2021\/11\/1d2d24c9-d58c-4545-bff9-543c4aebad21.jpg 1x, https:\/\/aadaheritage.com\/wp-content\/uploads\/2021\/11\/1d2d24c9-d58c-4545-bff9-543c4aebad21.jpg 1.5x, https:\/\/aadaheritage.com\/wp-content\/uploads\/2021\/11\/1d2d24c9-d58c-4545-bff9-543c4aebad21.jpg 2x"},"classes":[]},{"id":774,"url":"https:\/\/aadaheritage.com\/en\/product\/poudre-dhibiscus\/","url_meta":{"origin":2031,"position":5},"title":"Poudre d&rsquo;hibiscus rouge","author":"aada","date":"18 November 2021","format":false,"excerpt":"La S\u00e9r\u00e9nit\u00e9 La poudre d\u2019hibiscus rouge commun\u00e9ment appel\u00e9e \u00ab bissap \u00bb est un concentr\u00e9 explosif de min\u00e9raux, d\u2019oligo-\u00e9l\u00e9ments, de vitamines et d\u2019antioxydants. Elle est couramment consomm\u00e9e en infusion et traditionnellement utilis\u00e9e \u00e0 travers le monde pour ses propri\u00e9t\u00e9s diur\u00e9tiques et hypotensives. L'hibiscus permet d'apaiser les troubles gastro-intestinaux, l\u2019hypersudation ou le\u2026","rel":"","context":"Similar post","block_context":{"text":"Similar post","link":""},"img":{"alt_text":"","src":"https:\/\/aadaheritage.com\/wp-content\/uploads\/2021\/11\/0e841e2b-c7b2-4ac8-a79e-fc69d2adcc7e.jpg","width":350,"height":200,"srcset":"https:\/\/aadaheritage.com\/wp-content\/uploads\/2021\/11\/0e841e2b-c7b2-4ac8-a79e-fc69d2adcc7e.jpg 1x, https:\/\/aadaheritage.com\/wp-content\/uploads\/2021\/11\/0e841e2b-c7b2-4ac8-a79e-fc69d2adcc7e.jpg 1.5x, https:\/\/aadaheritage.com\/wp-content\/uploads\/2021\/11\/0e841e2b-c7b2-4ac8-a79e-fc69d2adcc7e.jpg 2x"},"classes":[]}],"_links":{"self":[{"href":"https:\/\/aadaheritage.com\/en\/wp-json\/wp\/v2\/product\/2031","targetHints":{"allow":["GET"]}}],"collection":[{"href":"https:\/\/aadaheritage.com\/en\/wp-json\/wp\/v2\/product"}],"about":[{"href":"https:\/\/aadaheritage.com\/en\/wp-json\/wp\/v2\/types\/product"}],"replies":[{"embeddable":true,"href":"https:\/\/aadaheritage.com\/en\/wp-json\/wp\/v2\/comments?post=2031"}],"wp:featuredmedia":[{"embeddable":true,"href":"https:\/\/aadaheritage.com\/en\/wp-json\/wp\/v2\/media\/2032"}],"wp:attachment":[{"href":"https:\/\/aadaheritage.com\/en\/wp-json\/wp\/v2\/media?parent=2031"}],"wp:term":[{"taxonomy":"product_brand","embeddable":true,"href":"https:\/\/aadaheritage.com\/en\/wp-json\/wp\/v2\/product_brand?post=2031"},{"taxonomy":"product_cat","embeddable":true,"href":"https:\/\/aadaheritage.com\/en\/wp-json\/wp\/v2\/product_cat?post=2031"},{"taxonomy":"product_tag","embeddable":true,"href":"https:\/\/aadaheritage.com\/en\/wp-json\/wp\/v2\/product_tag?post=2031"}],"curies":[{"name":"wp","href":"https:\/\/api.w.org\/{rel}","templated":true}]}}