{"id":2035,"date":"2025-02-24T16:09:42","date_gmt":"2025-02-24T15:09:42","guid":{"rendered":"https:\/\/aadaheritage.com\/?post_type=product&#038;p=2035"},"modified":"2025-03-13T17:20:02","modified_gmt":"2025-03-13T16:20:02","slug":"pack-vivre-mieux-megabooster-baobab-moringa-petit-cola","status":"publish","type":"product","link":"https:\/\/aadaheritage.com\/en\/product\/pack-vivre-mieux-megabooster-baobab-moringa-petit-cola\/","title":{"rendered":"PACK VIVRE MIEUX (Megabooster \/ Baobab \/ Moringa \/ Petit Cola)"},"content":{"rendered":"<p data-start=\"1817\" data-end=\"2140\"><strong data-start=\"1817\" data-end=\"1862\">Une combinaison pour une sant\u00e9 optimale !<\/strong><br data-start=\"1862\" data-end=\"1865\" \/>Le <strong data-start=\"1868\" data-end=\"1888\">Pack Vivre Mieux<\/strong> r\u00e9unit quatre super-aliments : <strong data-start=\"1920\" data-end=\"1998\">Mega Booster (moringa, gingembre, hibiscus), baobab, moringa et petit cola<\/strong>. Ce m\u00e9lange ultra-riche en nutriments est con\u00e7u pour fortifier l\u2019organisme, am\u00e9liorer digestion naturelle, stimuler l\u2019\u00e9nergie naturelle et am\u00e9liorer le bien-\u00eatre g\u00e9n\u00e9ral.<\/p>\n<p data-start=\"2142\" data-end=\"2460\">","protected":false},"excerpt":{"rendered":"<p data-start=\"2142\" data-end=\"2460\"><strong data-start=\"2142\" data-end=\"2157\">Bienfaits :<\/strong><br data-start=\"2157\" data-end=\"2160\" \/>\u2705 <strong data-start=\"2162\" data-end=\"2212\">Renforce l\u2019immunit\u00e9 et lutte contre la fatigue<\/strong><br data-start=\"2212\" data-end=\"2215\" \/>\u2705 <strong data-start=\"2217\" data-end=\"2262\">Riche en vitamines et min\u00e9raux essentiels<\/strong><br data-start=\"2262\" data-end=\"2265\" \/>\u2705 <strong data-start=\"2267\" data-end=\"2321\">Favorise une peau \u00e9clatante et une bonne digestion<\/strong><br data-start=\"2321\" data-end=\"2324\" \/>\u2705 <strong data-start=\"2326\" data-end=\"2390\">Am\u00e9liore la circulation sanguine et r\u00e9duit les inflammations<\/strong><br data-start=\"2390\" data-end=\"2393\" \/>\u2705 <strong data-start=\"2395\" data-end=\"2458\">Source exceptionnelle d\u2019antioxydants et d\u2019\u00e9nergie naturelle<\/strong><\/p>\n<p data-start=\"2462\" data-end=\"2589\">","protected":false},"featured_media":2036,"comment_status":"open","ping_status":"closed","template":"","meta":{"content-type":"","_monsterinsights_skip_tracking":false,"_monsterinsights_sitenote_active":false,"_monsterinsights_sitenote_note":"","_monsterinsights_sitenote_category":0},"product_brand":[],"product_cat":[25],"product_tag":[],"class_list":{"0":"post-2035","1":"product","2":"type-product","3":"status-publish","4":"has-post-thumbnail","6":"product_cat-super-food","8":"first","9":"instock","10":"taxable","11":"shipping-taxable","12":"purchasable","13":"product-type-simple"},"aioseo_notices":[],"featured_image_urls_v2":{"full":["https:\/\/aadaheritage.com\/wp-content\/uploads\/2025\/02\/PACK-PROMO-Document-A4-1.png",1414,2000,false],"thumbnail":["https:\/\/aadaheritage.com\/wp-content\/uploads\/2025\/02\/PACK-PROMO-Document-A4-1-150x150.png",150,150,true],"medium":["https:\/\/aadaheritage.com\/wp-content\/uploads\/2025\/02\/PACK-PROMO-Document-A4-1-212x300.png",212,300,true],"medium_large":["https:\/\/aadaheritage.com\/wp-content\/uploads\/2025\/02\/PACK-PROMO-Document-A4-1-768x1086.png",768,1086,true],"large":["https:\/\/aadaheritage.com\/wp-content\/uploads\/2025\/02\/PACK-PROMO-Document-A4-1-724x1024.png",724,1024,true],"1536x1536":["https:\/\/aadaheritage.com\/wp-content\/uploads\/2025\/02\/PACK-PROMO-Document-A4-1-1086x1536.png",1086,1536,true],"2048x2048":["https:\/\/aadaheritage.com\/wp-content\/uploads\/2025\/02\/PACK-PROMO-Document-A4-1.png",1414,2000,false],"trp-custom-language-flag":["https:\/\/aadaheritage.com\/wp-content\/uploads\/2025\/02\/PACK-PROMO-Document-A4-1-8x12.png",8,12,true],"woocommerce_archive_thumbnail":["https:\/\/aadaheritage.com\/wp-content\/uploads\/2025\/02\/PACK-PROMO-Document-A4-1-300x300.png",300,300,true],"woocommerce_thumbnail":["https:\/\/aadaheritage.com\/wp-content\/uploads\/2025\/02\/PACK-PROMO-Document-A4-1-300x300.png",300,300,true],"woocommerce_single":["https:\/\/aadaheritage.com\/wp-content\/uploads\/2025\/02\/PACK-PROMO-Document-A4-1.png",600,849,false],"woocommerce_gallery_thumbnail":["https:\/\/aadaheritage.com\/wp-content\/uploads\/2025\/02\/PACK-PROMO-Document-A4-1-100x100.png",100,100,true]},"post_excerpt_stackable_v2":"<p data-start=\"2142\" data-end=\"2460\"><strong data-start=\"2142\" data-end=\"2157\">Bienfaits :<\/strong><br data-start=\"2157\" data-end=\"2160\" \/>\u2705 <strong data-start=\"2162\" data-end=\"2212\">Renforce l\u2019immunit\u00e9 et lutte contre la fatigue<\/strong><br data-start=\"2212\" data-end=\"2215\" \/>\u2705 <strong data-start=\"2217\" data-end=\"2262\">Riche en vitamines et min\u00e9raux essentiels<\/strong><br data-start=\"2262\" data-end=\"2265\" \/>\u2705 <strong data-start=\"2267\" data-end=\"2321\">Favorise une peau \u00e9clatante et une bonne digestion<\/strong><br data-start=\"2321\" data-end=\"2324\" \/>\u2705 <strong data-start=\"2326\" data-end=\"2390\">Am\u00e9liore la circulation sanguine et r\u00e9duit les inflammations<\/strong><br data-start=\"2390\" data-end=\"2393\" \/>\u2705 <strong data-start=\"2395\" data-end=\"2458\">Source exceptionnelle d\u2019antioxydants et d\u2019\u00e9nergie naturelle<\/strong><\/p>\n<p data-start=\"2462\" data-end=\"2589\">\n","category_list_v2":"","author_info_v2":{"name":"","url":""},"comments_num_v2":"0 comments","jetpack-related-posts":[{"id":2029,"url":"https:\/\/aadaheritage.com\/en\/product\/pack-katane-2-force-2-megabooster\/","url_meta":{"origin":2035,"position":0},"title":"PACK KATANE 2 FORCE \/ 2 MEGABOOSTER","author":"Admin","date":"24 February 2025","format":false,"excerpt":"Bienfaits :\u2705 Booste l\u2019\u00e9nergie et la concentration\u2705 Stimule le syst\u00e8me immunitaire\u2705 Aphrodisiaque naturel\u2705 Antioxydant et anti-inflammatoire\u2705 Am\u00e9liore la digestion et la circulation sanguine","rel":"","context":"Similar post","block_context":{"text":"Similar post","link":""},"img":{"alt_text":"","src":"https:\/\/aadaheritage.com\/wp-content\/uploads\/2025\/02\/3.png","width":350,"height":200,"srcset":"https:\/\/aadaheritage.com\/wp-content\/uploads\/2025\/02\/3.png 1x, https:\/\/aadaheritage.com\/wp-content\/uploads\/2025\/02\/3.png 1.5x, https:\/\/aadaheritage.com\/wp-content\/uploads\/2025\/02\/3.png 2x"},"classes":[]},{"id":2031,"url":"https:\/\/aadaheritage.com\/en\/product\/pack-minceur-gingembre-2-petit-cola-hibiscus\/","url_meta":{"origin":2035,"position":1},"title":"PACK MINCEUR (Gingembre \/ 2 Petit Cola \/ Hibiscus)","author":"Admin","date":"24 February 2025","format":false,"excerpt":"Bienfaits :\u2705 Acc\u00e9l\u00e8re la perte de poids naturellement\u2705 Br\u00fbleur de graisses et r\u00e9gulateur du m\u00e9tabolisme\u2705 Effet coupe-faim et \u00e9nergisant\u2705 Favorise une digestion saine et l\u00e9g\u00e8re\u2705 Aide \u00e0 lutter contre la r\u00e9tention d\u2019eau et le cholest\u00e9rol \u00a0 \u00a0 Bienfaits du gingembre et petit cola.","rel":"","context":"Similar post","block_context":{"text":"Similar post","link":""},"img":{"alt_text":"","src":"https:\/\/aadaheritage.com\/wp-content\/uploads\/2025\/02\/PACK-PROMO-Document-A4.png","width":350,"height":200,"srcset":"https:\/\/aadaheritage.com\/wp-content\/uploads\/2025\/02\/PACK-PROMO-Document-A4.png 1x, https:\/\/aadaheritage.com\/wp-content\/uploads\/2025\/02\/PACK-PROMO-Document-A4.png 1.5x, https:\/\/aadaheritage.com\/wp-content\/uploads\/2025\/02\/PACK-PROMO-Document-A4.png 2x"},"classes":[]},{"id":759,"url":"https:\/\/aadaheritage.com\/en\/product\/poudre-de-moringa\/","url_meta":{"origin":2035,"position":2},"title":"Poudre de Moringa","author":"aada","date":"18 November 2021","format":false,"excerpt":"Un concentr\u00e9 de vertus La poudre de feuilles de Moringa est utilis\u00e9e depuis des mill\u00e9naires pour ses vertus m\u00e9dicinales. Extr\u00eamement riche en nutriments, elle aide \u00e0 enforcer durablement le syst\u00e8me immunitaire. Poids : 100g","rel":"","context":"Similar post","block_context":{"text":"Similar post","link":""},"img":{"alt_text":"","src":"https:\/\/aadaheritage.com\/wp-content\/uploads\/2021\/11\/e0a5751a-a1a3-40b5-941c-13f2bdcb330f.jpg","width":350,"height":200,"srcset":"https:\/\/aadaheritage.com\/wp-content\/uploads\/2021\/11\/e0a5751a-a1a3-40b5-941c-13f2bdcb330f.jpg 1x, https:\/\/aadaheritage.com\/wp-content\/uploads\/2021\/11\/e0a5751a-a1a3-40b5-941c-13f2bdcb330f.jpg 1.5x, https:\/\/aadaheritage.com\/wp-content\/uploads\/2021\/11\/e0a5751a-a1a3-40b5-941c-13f2bdcb330f.jpg 2x"},"classes":[]},{"id":699,"url":"https:\/\/aadaheritage.com\/en\/product\/poudre-de-baobab\/","url_meta":{"origin":2035,"position":3},"title":"Poudre de Baobab","author":"aada","date":"6 November 2021","format":false,"excerpt":"La r\u00e9sistance \u00e0 l\u2019\u00e9tat pur Fruit de l'arbre mythique africain, il poss\u00e8de une d\u00e9licieuse saveur sucr\u00e9e subtilement acidul\u00e9e, et avec sa valeur nutritionnelle record, c'est un des meilleurs compl\u00e9ments alimentaires qu'il soit. Poids : 100g","rel":"","context":"Similar post","block_context":{"text":"Similar post","link":""},"img":{"alt_text":"","src":"https:\/\/aadaheritage.com\/wp-content\/uploads\/2021\/11\/1a05e9f0-8a3a-4f12-b19e-d108b794c7ae.jpg","width":350,"height":200,"srcset":"https:\/\/aadaheritage.com\/wp-content\/uploads\/2021\/11\/1a05e9f0-8a3a-4f12-b19e-d108b794c7ae.jpg 1x, https:\/\/aadaheritage.com\/wp-content\/uploads\/2021\/11\/1a05e9f0-8a3a-4f12-b19e-d108b794c7ae.jpg 1.5x, https:\/\/aadaheritage.com\/wp-content\/uploads\/2021\/11\/1a05e9f0-8a3a-4f12-b19e-d108b794c7ae.jpg 2x"},"classes":[]},{"id":775,"url":"https:\/\/aadaheritage.com\/en\/product\/poudre-de-petit-cola\/","url_meta":{"origin":2035,"position":4},"title":"Poudre de Petit cola","author":"aada","date":"18 November 2021","format":false,"excerpt":"Un tonus assur\u00e9 Utilis\u00e9 dans la m\u00e9decine traditionnelle africaine depuis des si\u00e8cles, le petit cola ou encore bitter cola d\u00e9borde de vertus qui vous feront oublier son go\u00fbt amer. Poids : 100g","rel":"","context":"Similar post","block_context":{"text":"Similar post","link":""},"img":{"alt_text":"","src":"https:\/\/aadaheritage.com\/wp-content\/uploads\/2021\/11\/fc3432d9-9462-4d5a-b992-0064e913cb68-1.jpg","width":350,"height":200,"srcset":"https:\/\/aadaheritage.com\/wp-content\/uploads\/2021\/11\/fc3432d9-9462-4d5a-b992-0064e913cb68-1.jpg 1x, https:\/\/aadaheritage.com\/wp-content\/uploads\/2021\/11\/fc3432d9-9462-4d5a-b992-0064e913cb68-1.jpg 1.5x, https:\/\/aadaheritage.com\/wp-content\/uploads\/2021\/11\/fc3432d9-9462-4d5a-b992-0064e913cb68-1.jpg 2x"},"classes":[]},{"id":776,"url":"https:\/\/aadaheritage.com\/en\/product\/megaboost\/","url_meta":{"origin":2035,"position":5},"title":"Le Mega Booster","author":"aada","date":"18 November 2021","format":false,"excerpt":"Une long\u00e9vit\u00e9 certaine Ce m\u00e9lange est un compos\u00e9 de vitamines, sel min\u00e9raux, oligo-\u00e9l\u00e9ments, antioxydants r\u00e9vis\u00e9 par nos soins. C\u2019est juste un scandale de bienfaits qui ne de devrait pas exister. Poids : 100g","rel":"","context":"Similar post","block_context":{"text":"Similar post","link":""},"img":{"alt_text":"","src":"https:\/\/aadaheritage.com\/wp-content\/uploads\/2021\/11\/301eb4ae-714f-42e1-9b57-454031dfc658.jpg","width":350,"height":200,"srcset":"https:\/\/aadaheritage.com\/wp-content\/uploads\/2021\/11\/301eb4ae-714f-42e1-9b57-454031dfc658.jpg 1x, https:\/\/aadaheritage.com\/wp-content\/uploads\/2021\/11\/301eb4ae-714f-42e1-9b57-454031dfc658.jpg 1.5x, https:\/\/aadaheritage.com\/wp-content\/uploads\/2021\/11\/301eb4ae-714f-42e1-9b57-454031dfc658.jpg 2x"},"classes":[]}],"_links":{"self":[{"href":"https:\/\/aadaheritage.com\/en\/wp-json\/wp\/v2\/product\/2035","targetHints":{"allow":["GET"]}}],"collection":[{"href":"https:\/\/aadaheritage.com\/en\/wp-json\/wp\/v2\/product"}],"about":[{"href":"https:\/\/aadaheritage.com\/en\/wp-json\/wp\/v2\/types\/product"}],"replies":[{"embeddable":true,"href":"https:\/\/aadaheritage.com\/en\/wp-json\/wp\/v2\/comments?post=2035"}],"wp:featuredmedia":[{"embeddable":true,"href":"https:\/\/aadaheritage.com\/en\/wp-json\/wp\/v2\/media\/2036"}],"wp:attachment":[{"href":"https:\/\/aadaheritage.com\/en\/wp-json\/wp\/v2\/media?parent=2035"}],"wp:term":[{"taxonomy":"product_brand","embeddable":true,"href":"https:\/\/aadaheritage.com\/en\/wp-json\/wp\/v2\/product_brand?post=2035"},{"taxonomy":"product_cat","embeddable":true,"href":"https:\/\/aadaheritage.com\/en\/wp-json\/wp\/v2\/product_cat?post=2035"},{"taxonomy":"product_tag","embeddable":true,"href":"https:\/\/aadaheritage.com\/en\/wp-json\/wp\/v2\/product_tag?post=2035"}],"curies":[{"name":"wp","href":"https:\/\/api.w.org\/{rel}","templated":true}]}}