{"id":699,"date":"2021-11-06T18:43:08","date_gmt":"2021-11-06T17:43:08","guid":{"rendered":"https:\/\/aadaheritage.com\/?post_type=product&#038;p=699"},"modified":"2025-11-14T09:36:20","modified_gmt":"2025-11-14T08:36:20","slug":"poudre-de-baobab","status":"publish","type":"product","link":"https:\/\/aadaheritage.com\/en\/product\/poudre-de-baobab\/","title":{"rendered":"Poudre de Baobab"},"content":{"rendered":"<p><img loading=\"lazy\" decoding=\"async\" class=\"wp-image-988 alignright\" src=\"http:\/\/aadaheritage.com\/wp-content\/uploads\/2022\/04\/nutrient-dense-organic-baobab-fruit-power-from-organically-africa.jpeg\" alt=\"\" width=\"432\" height=\"432\" srcset=\"https:\/\/aadaheritage.com\/wp-content\/uploads\/2022\/04\/nutrient-dense-organic-baobab-fruit-power-from-organically-africa.jpeg 800w, https:\/\/aadaheritage.com\/wp-content\/uploads\/2022\/04\/nutrient-dense-organic-baobab-fruit-power-from-organically-africa.jpeg 300w, https:\/\/aadaheritage.com\/wp-content\/uploads\/2022\/04\/nutrient-dense-organic-baobab-fruit-power-from-organically-africa.jpeg 150w, https:\/\/aadaheritage.com\/wp-content\/uploads\/2022\/04\/nutrient-dense-organic-baobab-fruit-power-from-organically-africa.jpeg 768w, https:\/\/aadaheritage.com\/wp-content\/uploads\/2022\/04\/nutrient-dense-organic-baobab-fruit-power-from-organically-africa.jpeg 12w, https:\/\/aadaheritage.com\/wp-content\/uploads\/2022\/04\/nutrient-dense-organic-baobab-fruit-power-from-organically-africa.jpeg 600w, https:\/\/aadaheritage.com\/wp-content\/uploads\/2022\/04\/nutrient-dense-organic-baobab-fruit-power-from-organically-africa.jpeg 100w\" sizes=\"auto, (max-width: 432px) 100vw, 432px\" \/><\/p>\n<div>\n<p>La poudre de\u00a0 Baobab est le fruit de l&rsquo;arbre de vie en Afrique, le baobab est l&rsquo;un des aliments les plus riches en nutriments au monde. Il s\u00e8che naturellement sur la branche pour produire un aliment complet cru 100 % naturel et dense en nutriments. Les nutriments contenus dans la poudre se combinent pour favoriser la lib\u00e9ration d&rsquo;\u00e9nergie, la fonction immunitaire, la r\u00e9duction de la fatigue et la sant\u00e9 de la peau.<\/p>\n<p>La poudre peut \u00eatre consomm\u00e9e ainsi ou incorpor\u00e9e dans des jus, smoothies, g\u00e2teaux ou cakes.<\/p>\n<p>Ce n&rsquo;est pas \u00e9tonnant que nous l&rsquo;appelions The Feel Good Fruit.<\/p>\n<p><b>Caract\u00e9ristiques :<\/b><\/p>\n<ul>\n<li>6x plus de VITAMINE C que l\u2019orange<\/li>\n<li>6x plus que POTASSIUM que la banane<\/li>\n<li>10x plus de FIBRES que l\u2019orange<\/li>\n<li>3,5x plus de CALCIUM que le lait<\/li>\n<li>2,5x plus d\u2019ANTIOXYDANT que les baies de Goji<\/li>\n<\/ul>\n<p><b>Bienfaits\u00a0:<\/b><\/p>\n<ul>\n<li>Antioxydant<\/li>\n<li>Booster de syst\u00e8me immunitaire<\/li>\n<li>Anti-inflammatoire<\/li>\n<li>Anti-\u00e2ge<\/li>\n<\/ul>\n<p><b>Composition :<\/b><\/p>\n<p>100 % poudre de baobab<\/p>\n<\/div>\n<p><em>Baobab en poudre naturel, Acheter baobab en gros<\/em><\/p>","protected":false},"excerpt":{"rendered":"<p><strong><em>La r\u00e9sistance \u00e0 l\u2019\u00e9tat pur<\/em><\/strong><\/p>\n<p>Fruit de l&rsquo;arbre mythique africain, il poss\u00e8de une d\u00e9licieuse saveur sucr\u00e9e subtilement acidul\u00e9e, et avec sa valeur nutritionnelle record, c&rsquo;est un des meilleurs compl\u00e9ments alimentaires qu&rsquo;il soit.<\/p>\n<p>Poids : 100g<\/p>","protected":false},"featured_media":1963,"comment_status":"open","ping_status":"closed","template":"","meta":{"content-type":"","_monsterinsights_skip_tracking":false,"_monsterinsights_sitenote_active":false,"_monsterinsights_sitenote_note":"","_monsterinsights_sitenote_category":0},"product_brand":[],"product_cat":[25],"product_tag":[26,22,23,24],"class_list":{"0":"post-699","1":"product","2":"type-product","3":"status-publish","4":"has-post-thumbnail","6":"product_cat-super-food","7":"product_tag-anti-age","8":"product_tag-anti-inflammatoire","9":"product_tag-antioxydant","10":"product_tag-booster-de-systeme-immunitaire","11":"pa_poids-100g","13":"first","14":"instock","15":"taxable","16":"shipping-taxable","17":"purchasable","18":"product-type-variable"},"aioseo_notices":[],"featured_image_urls_v2":{"full":["https:\/\/aadaheritage.com\/wp-content\/uploads\/2021\/11\/1a05e9f0-8a3a-4f12-b19e-d108b794c7ae.jpg",1638,2048,false],"thumbnail":["https:\/\/aadaheritage.com\/wp-content\/uploads\/2021\/11\/1a05e9f0-8a3a-4f12-b19e-d108b794c7ae-150x150.jpg",150,150,true],"medium":["https:\/\/aadaheritage.com\/wp-content\/uploads\/2021\/11\/1a05e9f0-8a3a-4f12-b19e-d108b794c7ae-240x300.jpg",240,300,true],"medium_large":["https:\/\/aadaheritage.com\/wp-content\/uploads\/2021\/11\/1a05e9f0-8a3a-4f12-b19e-d108b794c7ae-768x960.jpg",768,960,true],"large":["https:\/\/aadaheritage.com\/wp-content\/uploads\/2021\/11\/1a05e9f0-8a3a-4f12-b19e-d108b794c7ae-819x1024.jpg",819,1024,true],"1536x1536":["https:\/\/aadaheritage.com\/wp-content\/uploads\/2021\/11\/1a05e9f0-8a3a-4f12-b19e-d108b794c7ae-1229x1536.jpg",1229,1536,true],"2048x2048":["https:\/\/aadaheritage.com\/wp-content\/uploads\/2021\/11\/1a05e9f0-8a3a-4f12-b19e-d108b794c7ae.jpg",1638,2048,false],"trp-custom-language-flag":["https:\/\/aadaheritage.com\/wp-content\/uploads\/2021\/11\/1a05e9f0-8a3a-4f12-b19e-d108b794c7ae-10x12.jpg",10,12,true],"woocommerce_archive_thumbnail":["https:\/\/aadaheritage.com\/wp-content\/uploads\/2021\/11\/1a05e9f0-8a3a-4f12-b19e-d108b794c7ae-300x300.jpg",300,300,true],"woocommerce_thumbnail":["https:\/\/aadaheritage.com\/wp-content\/uploads\/2021\/11\/1a05e9f0-8a3a-4f12-b19e-d108b794c7ae-300x300.jpg",300,300,true],"woocommerce_single":["https:\/\/aadaheritage.com\/wp-content\/uploads\/2021\/11\/1a05e9f0-8a3a-4f12-b19e-d108b794c7ae.jpg",600,750,false],"woocommerce_gallery_thumbnail":["https:\/\/aadaheritage.com\/wp-content\/uploads\/2021\/11\/1a05e9f0-8a3a-4f12-b19e-d108b794c7ae-100x100.jpg",100,100,true]},"post_excerpt_stackable_v2":"<p><strong><em>La r\u00e9sistance \u00e0 l\u2019\u00e9tat pur<\/em><\/strong><\/p>\n<p>Fruit de l&rsquo;arbre mythique africain, il poss\u00e8de une d\u00e9licieuse saveur sucr\u00e9e subtilement acidul\u00e9e, et avec sa valeur nutritionnelle record, c&rsquo;est un des meilleurs compl\u00e9ments alimentaires qu&rsquo;il soit.<\/p>\n<p>Poids : 100g<\/p>\n","category_list_v2":"","author_info_v2":{"name":"","url":""},"comments_num_v2":"0 comments","jetpack-related-posts":[{"id":759,"url":"https:\/\/aadaheritage.com\/en\/product\/poudre-de-moringa\/","url_meta":{"origin":699,"position":0},"title":"Poudre de Moringa","author":"aada","date":"18 November 2021","format":false,"excerpt":"Un concentr\u00e9 de vertus La poudre de feuilles de Moringa est utilis\u00e9e depuis des mill\u00e9naires pour ses vertus m\u00e9dicinales. Extr\u00eamement riche en nutriments, elle aide \u00e0 enforcer durablement le syst\u00e8me immunitaire. Poids : 100g","rel":"","context":"Similar post","block_context":{"text":"Similar post","link":""},"img":{"alt_text":"","src":"https:\/\/aadaheritage.com\/wp-content\/uploads\/2021\/11\/e0a5751a-a1a3-40b5-941c-13f2bdcb330f.jpg","width":350,"height":200,"srcset":"https:\/\/aadaheritage.com\/wp-content\/uploads\/2021\/11\/e0a5751a-a1a3-40b5-941c-13f2bdcb330f.jpg 1x, https:\/\/aadaheritage.com\/wp-content\/uploads\/2021\/11\/e0a5751a-a1a3-40b5-941c-13f2bdcb330f.jpg 1.5x, https:\/\/aadaheritage.com\/wp-content\/uploads\/2021\/11\/e0a5751a-a1a3-40b5-941c-13f2bdcb330f.jpg 2x"},"classes":[]},{"id":2035,"url":"https:\/\/aadaheritage.com\/en\/product\/pack-vivre-mieux-megabooster-baobab-moringa-petit-cola\/","url_meta":{"origin":699,"position":1},"title":"PACK VIVRE MIEUX (Megabooster \/ Baobab \/ Moringa \/ Petit Cola)","author":"Admin","date":"24 February 2025","format":false,"excerpt":"Bienfaits :\u2705 Renforce l\u2019immunit\u00e9 et lutte contre la fatigue\u2705 Riche en vitamines et min\u00e9raux essentiels\u2705 Favorise une peau \u00e9clatante et une bonne digestion\u2705 Am\u00e9liore la circulation sanguine et r\u00e9duit les inflammations\u2705 Source exceptionnelle d\u2019antioxydants et d\u2019\u00e9nergie naturelle","rel":"","context":"Similar post","block_context":{"text":"Similar post","link":""},"img":{"alt_text":"","src":"https:\/\/aadaheritage.com\/wp-content\/uploads\/2025\/02\/PACK-PROMO-Document-A4-1.png","width":350,"height":200,"srcset":"https:\/\/aadaheritage.com\/wp-content\/uploads\/2025\/02\/PACK-PROMO-Document-A4-1.png 1x, https:\/\/aadaheritage.com\/wp-content\/uploads\/2025\/02\/PACK-PROMO-Document-A4-1.png 1.5x, https:\/\/aadaheritage.com\/wp-content\/uploads\/2025\/02\/PACK-PROMO-Document-A4-1.png 2x"},"classes":[]},{"id":761,"url":"https:\/\/aadaheritage.com\/en\/product\/poudre-de-gingembre\/","url_meta":{"origin":699,"position":2},"title":"Poudre de Gingembre","author":"aada","date":"18 November 2021","format":false,"excerpt":"Un fortifiant naturel On ne le pr\u00e9sente plus. Bien connu pour ses vertus aphrodisiaque, il se retrouve dans bon nombre de nos mets en tant qu'\u00e9pice. Cependant ce serait bien r\u00e9ducteur de s'en arr\u00eater l\u00e0. Le gingembre d\u00e9bordent de bienfaits qui vous rendront plus fort. Poids : 100g","rel":"","context":"Similar post","block_context":{"text":"Similar post","link":""},"img":{"alt_text":"","src":"https:\/\/aadaheritage.com\/wp-content\/uploads\/2021\/11\/1d2d24c9-d58c-4545-bff9-543c4aebad21.jpg","width":350,"height":200,"srcset":"https:\/\/aadaheritage.com\/wp-content\/uploads\/2021\/11\/1d2d24c9-d58c-4545-bff9-543c4aebad21.jpg 1x, https:\/\/aadaheritage.com\/wp-content\/uploads\/2021\/11\/1d2d24c9-d58c-4545-bff9-543c4aebad21.jpg 1.5x, https:\/\/aadaheritage.com\/wp-content\/uploads\/2021\/11\/1d2d24c9-d58c-4545-bff9-543c4aebad21.jpg 2x"},"classes":[]},{"id":775,"url":"https:\/\/aadaheritage.com\/en\/product\/poudre-de-petit-cola\/","url_meta":{"origin":699,"position":3},"title":"Poudre de Petit cola","author":"aada","date":"18 November 2021","format":false,"excerpt":"Un tonus assur\u00e9 Utilis\u00e9 dans la m\u00e9decine traditionnelle africaine depuis des si\u00e8cles, le petit cola ou encore bitter cola d\u00e9borde de vertus qui vous feront oublier son go\u00fbt amer. Poids : 100g","rel":"","context":"Similar post","block_context":{"text":"Similar post","link":""},"img":{"alt_text":"","src":"https:\/\/aadaheritage.com\/wp-content\/uploads\/2021\/11\/fc3432d9-9462-4d5a-b992-0064e913cb68-1.jpg","width":350,"height":200,"srcset":"https:\/\/aadaheritage.com\/wp-content\/uploads\/2021\/11\/fc3432d9-9462-4d5a-b992-0064e913cb68-1.jpg 1x, https:\/\/aadaheritage.com\/wp-content\/uploads\/2021\/11\/fc3432d9-9462-4d5a-b992-0064e913cb68-1.jpg 1.5x, https:\/\/aadaheritage.com\/wp-content\/uploads\/2021\/11\/fc3432d9-9462-4d5a-b992-0064e913cb68-1.jpg 2x"},"classes":[]},{"id":774,"url":"https:\/\/aadaheritage.com\/en\/product\/poudre-dhibiscus\/","url_meta":{"origin":699,"position":4},"title":"Poudre d&rsquo;hibiscus rouge","author":"aada","date":"18 November 2021","format":false,"excerpt":"La S\u00e9r\u00e9nit\u00e9 La poudre d\u2019hibiscus rouge commun\u00e9ment appel\u00e9e \u00ab bissap \u00bb est un concentr\u00e9 explosif de min\u00e9raux, d\u2019oligo-\u00e9l\u00e9ments, de vitamines et d\u2019antioxydants. Elle est couramment consomm\u00e9e en infusion et traditionnellement utilis\u00e9e \u00e0 travers le monde pour ses propri\u00e9t\u00e9s diur\u00e9tiques et hypotensives. L'hibiscus permet d'apaiser les troubles gastro-intestinaux, l\u2019hypersudation ou le\u2026","rel":"","context":"Similar post","block_context":{"text":"Similar post","link":""},"img":{"alt_text":"","src":"https:\/\/aadaheritage.com\/wp-content\/uploads\/2021\/11\/0e841e2b-c7b2-4ac8-a79e-fc69d2adcc7e.jpg","width":350,"height":200,"srcset":"https:\/\/aadaheritage.com\/wp-content\/uploads\/2021\/11\/0e841e2b-c7b2-4ac8-a79e-fc69d2adcc7e.jpg 1x, https:\/\/aadaheritage.com\/wp-content\/uploads\/2021\/11\/0e841e2b-c7b2-4ac8-a79e-fc69d2adcc7e.jpg 1.5x, https:\/\/aadaheritage.com\/wp-content\/uploads\/2021\/11\/0e841e2b-c7b2-4ac8-a79e-fc69d2adcc7e.jpg 2x"},"classes":[]},{"id":777,"url":"https:\/\/aadaheritage.com\/en\/product\/poudre-de-force\/","url_meta":{"origin":699,"position":5},"title":"Poudre de Force","author":"aada","date":"18 November 2021","format":false,"excerpt":"Un alli\u00e9 de taille Ce m\u00e9lange a \u00e9t\u00e9 sp\u00e9cialement pens\u00e9 pour booster vos performances.Un m\u00e9lange unique de petit cola et de gimgembre. Poids : 100g","rel":"","context":"Similar post","block_context":{"text":"Similar post","link":""},"img":{"alt_text":"","src":"https:\/\/aadaheritage.com\/wp-content\/uploads\/2021\/11\/ef97e1ef-a458-4912-bffc-a3ae8bb58c21.jpg","width":350,"height":200,"srcset":"https:\/\/aadaheritage.com\/wp-content\/uploads\/2021\/11\/ef97e1ef-a458-4912-bffc-a3ae8bb58c21.jpg 1x, https:\/\/aadaheritage.com\/wp-content\/uploads\/2021\/11\/ef97e1ef-a458-4912-bffc-a3ae8bb58c21.jpg 1.5x, https:\/\/aadaheritage.com\/wp-content\/uploads\/2021\/11\/ef97e1ef-a458-4912-bffc-a3ae8bb58c21.jpg 2x"},"classes":[]}],"_links":{"self":[{"href":"https:\/\/aadaheritage.com\/en\/wp-json\/wp\/v2\/product\/699","targetHints":{"allow":["GET"]}}],"collection":[{"href":"https:\/\/aadaheritage.com\/en\/wp-json\/wp\/v2\/product"}],"about":[{"href":"https:\/\/aadaheritage.com\/en\/wp-json\/wp\/v2\/types\/product"}],"replies":[{"embeddable":true,"href":"https:\/\/aadaheritage.com\/en\/wp-json\/wp\/v2\/comments?post=699"}],"wp:featuredmedia":[{"embeddable":true,"href":"https:\/\/aadaheritage.com\/en\/wp-json\/wp\/v2\/media\/1963"}],"wp:attachment":[{"href":"https:\/\/aadaheritage.com\/en\/wp-json\/wp\/v2\/media?parent=699"}],"wp:term":[{"taxonomy":"product_brand","embeddable":true,"href":"https:\/\/aadaheritage.com\/en\/wp-json\/wp\/v2\/product_brand?post=699"},{"taxonomy":"product_cat","embeddable":true,"href":"https:\/\/aadaheritage.com\/en\/wp-json\/wp\/v2\/product_cat?post=699"},{"taxonomy":"product_tag","embeddable":true,"href":"https:\/\/aadaheritage.com\/en\/wp-json\/wp\/v2\/product_tag?post=699"}],"curies":[{"name":"wp","href":"https:\/\/api.w.org\/{rel}","templated":true}]}}