{"id":759,"date":"2021-11-18T14:50:56","date_gmt":"2021-11-18T13:50:56","guid":{"rendered":"https:\/\/aadaheritage.com\/?post_type=product&#038;p=759"},"modified":"2025-12-29T17:49:42","modified_gmt":"2025-12-29T16:49:42","slug":"poudre-de-moringa","status":"publish","type":"product","link":"https:\/\/aadaheritage.com\/en\/product\/poudre-de-moringa\/","title":{"rendered":"Poudre de Moringa"},"content":{"rendered":"<p><img loading=\"lazy\" decoding=\"async\" class=\"wp-image-983 alignright\" src=\"http:\/\/aadaheritage.com\/wp-content\/uploads\/2022\/04\/bienfaits-moringa-300x300.jpeg\" alt=\"\" width=\"406\" height=\"406\" srcset=\"https:\/\/aadaheritage.com\/wp-content\/uploads\/2022\/04\/bienfaits-moringa.jpeg 300w, https:\/\/aadaheritage.com\/wp-content\/uploads\/2022\/04\/bienfaits-moringa.jpeg 1024w, https:\/\/aadaheritage.com\/wp-content\/uploads\/2022\/04\/bienfaits-moringa.jpeg 150w, https:\/\/aadaheritage.com\/wp-content\/uploads\/2022\/04\/bienfaits-moringa.jpeg 768w, https:\/\/aadaheritage.com\/wp-content\/uploads\/2022\/04\/bienfaits-moringa.jpeg 12w, https:\/\/aadaheritage.com\/wp-content\/uploads\/2022\/04\/bienfaits-moringa.jpeg 600w, https:\/\/aadaheritage.com\/wp-content\/uploads\/2022\/04\/bienfaits-moringa.jpeg 100w, https:\/\/aadaheritage.com\/wp-content\/uploads\/2022\/04\/bienfaits-moringa.jpeg 1200w\" sizes=\"auto, (max-width: 406px) 100vw, 406px\" \/><\/p>\n<p>L\u2019apport nutritionnel de cette plante est exceptionnel. La poudre est reconnue pour sa richesse en fibres et en prot\u00e9ines assimilables.<\/p>\n<p>On retrouve toutefois ce qui fait la force des feuilles consomm\u00e9es en infusion : potassium, calcium, magn\u00e9sium, fer, vitamines A, C et E, B2, B3, B9.<\/p>\n<p>Elle peut \u00eatre consomm\u00e9e \u00e0 n&rsquo;importe quel moment de la journ\u00e9e.<\/p>\n<p>Le Moringa, est aussi appel\u00e9 \u00ab\u00a0Ne meurt jamais\u00a0\u00bb (\u00ab\u00a0Never die\u00a0\u00bb en anglais) et \u00ab\u00a0Nebeday\u00a0\u00bb en wolof.<\/p>\n<p><b>Caract\u00e9ristiques :<\/b><\/p>\n<ul>\n<li>46 ANTIOXYDANTS<\/li>\n<li>90 NUTRIMENTS<\/li>\n<li>25x plus de FER que les \u00e9pinards<\/li>\n<li>7x plus de VITAMINE C que l\u2019orange<\/li>\n<li>4x plus de VITAMINE A que la carotte<\/li>\n<\/ul>\n<p><b>Bienfaits\u00a0:<\/b><\/p>\n<ul>\n<li>R\u00e9gulateur glyc\u00e9mique et lipidique<\/li>\n<li>Booster de syst\u00e8me immunitaire<\/li>\n<li>Anti-inflammatoire<\/li>\n<li>Fortifiant<\/li>\n<li>Am\u00e9liorer digestion naturelle<\/li>\n<\/ul>\n<p><strong>Composition : <\/strong><\/p>\n<p>100 % poudre de Moringa<\/p>","protected":false},"excerpt":{"rendered":"<p><em><strong>Un concentr\u00e9 de vertus<\/strong><\/em><\/p>\n<p>La poudre de feuilles de Moringa est utilis\u00e9e depuis des mill\u00e9naires pour ses vertus m\u00e9dicinales. Extr\u00eamement riche en nutriments, elle aide \u00e0 enforcer durablement le syst\u00e8me immunitaire.<\/p>\n<p>Poids : 100g<\/p>","protected":false},"featured_media":1962,"comment_status":"open","ping_status":"closed","template":"","meta":{"content-type":"","_monsterinsights_skip_tracking":false,"_monsterinsights_sitenote_active":false,"_monsterinsights_sitenote_note":"","_monsterinsights_sitenote_category":0},"product_brand":[],"product_cat":[25],"product_tag":[22,24,28,27],"class_list":{"0":"post-759","1":"product","2":"type-product","3":"status-publish","4":"has-post-thumbnail","6":"product_cat-super-food","7":"product_tag-anti-inflammatoire","8":"product_tag-booster-de-systeme-immunitaire","9":"product_tag-fortifiant","10":"product_tag-regulateur-glycemique-et-lipidique","11":"pa_poids-100g","13":"first","14":"instock","15":"taxable","16":"shipping-taxable","17":"purchasable","18":"product-type-variable"},"aioseo_notices":[],"featured_image_urls_v2":{"full":["https:\/\/aadaheritage.com\/wp-content\/uploads\/2021\/11\/e0a5751a-a1a3-40b5-941c-13f2bdcb330f.jpg",1638,2048,false],"thumbnail":["https:\/\/aadaheritage.com\/wp-content\/uploads\/2021\/11\/e0a5751a-a1a3-40b5-941c-13f2bdcb330f-150x150.jpg",150,150,true],"medium":["https:\/\/aadaheritage.com\/wp-content\/uploads\/2021\/11\/e0a5751a-a1a3-40b5-941c-13f2bdcb330f-240x300.jpg",240,300,true],"medium_large":["https:\/\/aadaheritage.com\/wp-content\/uploads\/2021\/11\/e0a5751a-a1a3-40b5-941c-13f2bdcb330f-768x960.jpg",768,960,true],"large":["https:\/\/aadaheritage.com\/wp-content\/uploads\/2021\/11\/e0a5751a-a1a3-40b5-941c-13f2bdcb330f-819x1024.jpg",819,1024,true],"1536x1536":["https:\/\/aadaheritage.com\/wp-content\/uploads\/2021\/11\/e0a5751a-a1a3-40b5-941c-13f2bdcb330f-1229x1536.jpg",1229,1536,true],"2048x2048":["https:\/\/aadaheritage.com\/wp-content\/uploads\/2021\/11\/e0a5751a-a1a3-40b5-941c-13f2bdcb330f.jpg",1638,2048,false],"trp-custom-language-flag":["https:\/\/aadaheritage.com\/wp-content\/uploads\/2021\/11\/e0a5751a-a1a3-40b5-941c-13f2bdcb330f-10x12.jpg",10,12,true],"woocommerce_archive_thumbnail":["https:\/\/aadaheritage.com\/wp-content\/uploads\/2021\/11\/e0a5751a-a1a3-40b5-941c-13f2bdcb330f-300x300.jpg",300,300,true],"woocommerce_thumbnail":["https:\/\/aadaheritage.com\/wp-content\/uploads\/2021\/11\/e0a5751a-a1a3-40b5-941c-13f2bdcb330f-300x300.jpg",300,300,true],"woocommerce_single":["https:\/\/aadaheritage.com\/wp-content\/uploads\/2021\/11\/e0a5751a-a1a3-40b5-941c-13f2bdcb330f.jpg",600,750,false],"woocommerce_gallery_thumbnail":["https:\/\/aadaheritage.com\/wp-content\/uploads\/2021\/11\/e0a5751a-a1a3-40b5-941c-13f2bdcb330f-100x100.jpg",100,100,true]},"post_excerpt_stackable_v2":"<p><em><strong>Un concentr\u00e9 de vertus<\/strong><\/em><\/p>\n<p>La poudre de feuilles de Moringa est utilis\u00e9e depuis des mill\u00e9naires pour ses vertus m\u00e9dicinales. Extr\u00eamement riche en nutriments, elle aide \u00e0 enforcer durablement le syst\u00e8me immunitaire.<\/p>\n<p>Poids : 100g<\/p>\n","category_list_v2":"","author_info_v2":{"name":"","url":""},"comments_num_v2":"0 comments","jetpack-related-posts":[{"id":776,"url":"https:\/\/aadaheritage.com\/en\/product\/megaboost\/","url_meta":{"origin":759,"position":0},"title":"Le Mega Booster","author":"aada","date":"18 November 2021","format":false,"excerpt":"Une long\u00e9vit\u00e9 certaine Ce m\u00e9lange est un compos\u00e9 de vitamines, sel min\u00e9raux, oligo-\u00e9l\u00e9ments, antioxydants r\u00e9vis\u00e9 par nos soins. C\u2019est juste un scandale de bienfaits qui ne de devrait pas exister. Poids : 100g","rel":"","context":"Similar post","block_context":{"text":"Similar post","link":""},"img":{"alt_text":"","src":"https:\/\/aadaheritage.com\/wp-content\/uploads\/2021\/11\/301eb4ae-714f-42e1-9b57-454031dfc658.jpg","width":350,"height":200,"srcset":"https:\/\/aadaheritage.com\/wp-content\/uploads\/2021\/11\/301eb4ae-714f-42e1-9b57-454031dfc658.jpg 1x, https:\/\/aadaheritage.com\/wp-content\/uploads\/2021\/11\/301eb4ae-714f-42e1-9b57-454031dfc658.jpg 1.5x, https:\/\/aadaheritage.com\/wp-content\/uploads\/2021\/11\/301eb4ae-714f-42e1-9b57-454031dfc658.jpg 2x"},"classes":[]},{"id":761,"url":"https:\/\/aadaheritage.com\/en\/product\/poudre-de-gingembre\/","url_meta":{"origin":759,"position":1},"title":"Poudre de Gingembre","author":"aada","date":"18 November 2021","format":false,"excerpt":"Un fortifiant naturel On ne le pr\u00e9sente plus. Bien connu pour ses vertus aphrodisiaque, il se retrouve dans bon nombre de nos mets en tant qu'\u00e9pice. Cependant ce serait bien r\u00e9ducteur de s'en arr\u00eater l\u00e0. Le gingembre d\u00e9bordent de bienfaits qui vous rendront plus fort. Poids : 100g","rel":"","context":"Similar post","block_context":{"text":"Similar post","link":""},"img":{"alt_text":"","src":"https:\/\/aadaheritage.com\/wp-content\/uploads\/2021\/11\/1d2d24c9-d58c-4545-bff9-543c4aebad21.jpg","width":350,"height":200,"srcset":"https:\/\/aadaheritage.com\/wp-content\/uploads\/2021\/11\/1d2d24c9-d58c-4545-bff9-543c4aebad21.jpg 1x, https:\/\/aadaheritage.com\/wp-content\/uploads\/2021\/11\/1d2d24c9-d58c-4545-bff9-543c4aebad21.jpg 1.5x, https:\/\/aadaheritage.com\/wp-content\/uploads\/2021\/11\/1d2d24c9-d58c-4545-bff9-543c4aebad21.jpg 2x"},"classes":[]},{"id":2035,"url":"https:\/\/aadaheritage.com\/en\/product\/pack-vivre-mieux-megabooster-baobab-moringa-petit-cola\/","url_meta":{"origin":759,"position":2},"title":"PACK VIVRE MIEUX (Megabooster \/ Baobab \/ Moringa \/ Petit Cola)","author":"Admin","date":"24 February 2025","format":false,"excerpt":"Bienfaits :\u2705 Renforce l\u2019immunit\u00e9 et lutte contre la fatigue\u2705 Riche en vitamines et min\u00e9raux essentiels\u2705 Favorise une peau \u00e9clatante et une bonne digestion\u2705 Am\u00e9liore la circulation sanguine et r\u00e9duit les inflammations\u2705 Source exceptionnelle d\u2019antioxydants et d\u2019\u00e9nergie naturelle","rel":"","context":"Similar post","block_context":{"text":"Similar post","link":""},"img":{"alt_text":"","src":"https:\/\/aadaheritage.com\/wp-content\/uploads\/2025\/02\/PACK-PROMO-Document-A4-1.png","width":350,"height":200,"srcset":"https:\/\/aadaheritage.com\/wp-content\/uploads\/2025\/02\/PACK-PROMO-Document-A4-1.png 1x, https:\/\/aadaheritage.com\/wp-content\/uploads\/2025\/02\/PACK-PROMO-Document-A4-1.png 1.5x, https:\/\/aadaheritage.com\/wp-content\/uploads\/2025\/02\/PACK-PROMO-Document-A4-1.png 2x"},"classes":[]},{"id":775,"url":"https:\/\/aadaheritage.com\/en\/product\/poudre-de-petit-cola\/","url_meta":{"origin":759,"position":3},"title":"Poudre de Petit cola","author":"aada","date":"18 November 2021","format":false,"excerpt":"Un tonus assur\u00e9 Utilis\u00e9 dans la m\u00e9decine traditionnelle africaine depuis des si\u00e8cles, le petit cola ou encore bitter cola d\u00e9borde de vertus qui vous feront oublier son go\u00fbt amer. Poids : 100g","rel":"","context":"Similar post","block_context":{"text":"Similar post","link":""},"img":{"alt_text":"","src":"https:\/\/aadaheritage.com\/wp-content\/uploads\/2021\/11\/fc3432d9-9462-4d5a-b992-0064e913cb68-1.jpg","width":350,"height":200,"srcset":"https:\/\/aadaheritage.com\/wp-content\/uploads\/2021\/11\/fc3432d9-9462-4d5a-b992-0064e913cb68-1.jpg 1x, https:\/\/aadaheritage.com\/wp-content\/uploads\/2021\/11\/fc3432d9-9462-4d5a-b992-0064e913cb68-1.jpg 1.5x, https:\/\/aadaheritage.com\/wp-content\/uploads\/2021\/11\/fc3432d9-9462-4d5a-b992-0064e913cb68-1.jpg 2x"},"classes":[]},{"id":774,"url":"https:\/\/aadaheritage.com\/en\/product\/poudre-dhibiscus\/","url_meta":{"origin":759,"position":4},"title":"Poudre d&rsquo;hibiscus rouge","author":"aada","date":"18 November 2021","format":false,"excerpt":"La S\u00e9r\u00e9nit\u00e9 La poudre d\u2019hibiscus rouge commun\u00e9ment appel\u00e9e \u00ab bissap \u00bb est un concentr\u00e9 explosif de min\u00e9raux, d\u2019oligo-\u00e9l\u00e9ments, de vitamines et d\u2019antioxydants. Elle est couramment consomm\u00e9e en infusion et traditionnellement utilis\u00e9e \u00e0 travers le monde pour ses propri\u00e9t\u00e9s diur\u00e9tiques et hypotensives. L'hibiscus permet d'apaiser les troubles gastro-intestinaux, l\u2019hypersudation ou le\u2026","rel":"","context":"Similar post","block_context":{"text":"Similar post","link":""},"img":{"alt_text":"","src":"https:\/\/aadaheritage.com\/wp-content\/uploads\/2021\/11\/0e841e2b-c7b2-4ac8-a79e-fc69d2adcc7e.jpg","width":350,"height":200,"srcset":"https:\/\/aadaheritage.com\/wp-content\/uploads\/2021\/11\/0e841e2b-c7b2-4ac8-a79e-fc69d2adcc7e.jpg 1x, https:\/\/aadaheritage.com\/wp-content\/uploads\/2021\/11\/0e841e2b-c7b2-4ac8-a79e-fc69d2adcc7e.jpg 1.5x, https:\/\/aadaheritage.com\/wp-content\/uploads\/2021\/11\/0e841e2b-c7b2-4ac8-a79e-fc69d2adcc7e.jpg 2x"},"classes":[]},{"id":699,"url":"https:\/\/aadaheritage.com\/en\/product\/poudre-de-baobab\/","url_meta":{"origin":759,"position":5},"title":"Poudre de Baobab","author":"aada","date":"6 November 2021","format":false,"excerpt":"La r\u00e9sistance \u00e0 l\u2019\u00e9tat pur Fruit de l'arbre mythique africain, il poss\u00e8de une d\u00e9licieuse saveur sucr\u00e9e subtilement acidul\u00e9e, et avec sa valeur nutritionnelle record, c'est un des meilleurs compl\u00e9ments alimentaires qu'il soit. Poids : 100g","rel":"","context":"Similar post","block_context":{"text":"Similar post","link":""},"img":{"alt_text":"","src":"https:\/\/aadaheritage.com\/wp-content\/uploads\/2021\/11\/1a05e9f0-8a3a-4f12-b19e-d108b794c7ae.jpg","width":350,"height":200,"srcset":"https:\/\/aadaheritage.com\/wp-content\/uploads\/2021\/11\/1a05e9f0-8a3a-4f12-b19e-d108b794c7ae.jpg 1x, https:\/\/aadaheritage.com\/wp-content\/uploads\/2021\/11\/1a05e9f0-8a3a-4f12-b19e-d108b794c7ae.jpg 1.5x, https:\/\/aadaheritage.com\/wp-content\/uploads\/2021\/11\/1a05e9f0-8a3a-4f12-b19e-d108b794c7ae.jpg 2x"},"classes":[]}],"_links":{"self":[{"href":"https:\/\/aadaheritage.com\/en\/wp-json\/wp\/v2\/product\/759","targetHints":{"allow":["GET"]}}],"collection":[{"href":"https:\/\/aadaheritage.com\/en\/wp-json\/wp\/v2\/product"}],"about":[{"href":"https:\/\/aadaheritage.com\/en\/wp-json\/wp\/v2\/types\/product"}],"replies":[{"embeddable":true,"href":"https:\/\/aadaheritage.com\/en\/wp-json\/wp\/v2\/comments?post=759"}],"wp:featuredmedia":[{"embeddable":true,"href":"https:\/\/aadaheritage.com\/en\/wp-json\/wp\/v2\/media\/1962"}],"wp:attachment":[{"href":"https:\/\/aadaheritage.com\/en\/wp-json\/wp\/v2\/media?parent=759"}],"wp:term":[{"taxonomy":"product_brand","embeddable":true,"href":"https:\/\/aadaheritage.com\/en\/wp-json\/wp\/v2\/product_brand?post=759"},{"taxonomy":"product_cat","embeddable":true,"href":"https:\/\/aadaheritage.com\/en\/wp-json\/wp\/v2\/product_cat?post=759"},{"taxonomy":"product_tag","embeddable":true,"href":"https:\/\/aadaheritage.com\/en\/wp-json\/wp\/v2\/product_tag?post=759"}],"curies":[{"name":"wp","href":"https:\/\/api.w.org\/{rel}","templated":true}]}}