{"id":761,"date":"2021-11-18T14:59:00","date_gmt":"2021-11-18T13:59:00","guid":{"rendered":"https:\/\/aadaheritage.com\/?post_type=product&#038;p=761"},"modified":"2025-03-13T17:22:53","modified_gmt":"2025-03-13T16:22:53","slug":"poudre-de-gingembre","status":"publish","type":"product","link":"https:\/\/aadaheritage.com\/en\/product\/poudre-de-gingembre\/","title":{"rendered":"Poudre de Gingembre"},"content":{"rendered":"<p><img loading=\"lazy\" decoding=\"async\" class=\"size-medium wp-image-995 alignright\" src=\"http:\/\/aadaheritage.com\/wp-content\/uploads\/2022\/04\/Dried_Ginger_Powder__Organic_Sunth__Adrak__-_100_gm_product_2_1606459373433-300x300.jpeg\" alt=\"\" width=\"300\" height=\"300\" srcset=\"https:\/\/aadaheritage.com\/wp-content\/uploads\/2022\/04\/Dried_Ginger_Powder__Organic_Sunth__Adrak__-_100_gm_product_2_1606459373433.jpeg 300w, https:\/\/aadaheritage.com\/wp-content\/uploads\/2022\/04\/Dried_Ginger_Powder__Organic_Sunth__Adrak__-_100_gm_product_2_1606459373433.jpeg 1024w, https:\/\/aadaheritage.com\/wp-content\/uploads\/2022\/04\/Dried_Ginger_Powder__Organic_Sunth__Adrak__-_100_gm_product_2_1606459373433.jpeg 150w, https:\/\/aadaheritage.com\/wp-content\/uploads\/2022\/04\/Dried_Ginger_Powder__Organic_Sunth__Adrak__-_100_gm_product_2_1606459373433.jpeg 768w, https:\/\/aadaheritage.com\/wp-content\/uploads\/2022\/04\/Dried_Ginger_Powder__Organic_Sunth__Adrak__-_100_gm_product_2_1606459373433.jpeg 12w, https:\/\/aadaheritage.com\/wp-content\/uploads\/2022\/04\/Dried_Ginger_Powder__Organic_Sunth__Adrak__-_100_gm_product_2_1606459373433.jpeg 600w, https:\/\/aadaheritage.com\/wp-content\/uploads\/2022\/04\/Dried_Ginger_Powder__Organic_Sunth__Adrak__-_100_gm_product_2_1606459373433.jpeg 100w, https:\/\/aadaheritage.com\/wp-content\/uploads\/2022\/04\/Dried_Ginger_Powder__Organic_Sunth__Adrak__-_100_gm_product_2_1606459373433.jpeg 1200w\" sizes=\"auto, (max-width: 300px) 100vw, 300px\" \/>Le gingembre est fruit utilis\u00e9 principalement comme \u00e9pice, aussi bien dans la cuisine que dans les pr\u00e9parations sal\u00e9es\u00a0 ou sucr\u00e9es. La poudre, obtenue \u00e0 partir du fruit d&rsquo;une plante vivace tropicale dont ses tiges peuvent atteindre jusqu&rsquo;\u00e0 1m50. Elle est appr\u00e9ci\u00e9e pour ses ar\u00f4mes frais, citronn\u00e9s et presque fruit\u00e9s.<\/p>\n<p>La poudre de gingembre peut \u00eatre consomm\u00e9e cru, cuite ou en infusion. Vous pouvez l&rsquo;incorporer dans vos pr\u00e9parations, pour aromatiser vos boissons. La poudre de gingembre est souvent utilis\u00e9e en remplacement du poivre pour les viandes blanches, desserts, chutneys, poissons.<\/p>\n<p><b>Caract\u00e9ristiques :<\/b><\/p>\n<ul>\n<li>Source de VITAMINE C<\/li>\n<li>Tr\u00e8s riche en MANGAN\u00c8SE<\/li>\n<li>Source de VITAMINE B3 et B6<\/li>\n<li>Source d\u2019OLIGO-\u00c9L\u00c8MENTS<\/li>\n<\/ul>\n<p><b>Bienfaits\u00a0:<\/b><\/p>\n<ul>\n<li>Antifatigue<\/li>\n<li>Sant\u00e9 cardiovasculaire<\/li>\n<li>Anti-inflammatoire<\/li>\n<li>Aide \u00e0 la digestion<span class=\"Apple-converted-space\">\u00a0<\/span><\/li>\n<\/ul>\n<p><strong>Composition :<\/strong><\/p>\n<p>100 % poudre de gimgembre<\/p>\n<p>&nbsp;<\/p>\n<p><em>Gingembre en poudre S\u00e9n\u00e9gal<\/em><\/p>","protected":false},"excerpt":{"rendered":"<p><strong><em>Un fortifiant naturel<\/em><\/strong><\/p>\n<p>On ne le pr\u00e9sente plus. Bien connu pour ses vertus aphrodisiaque, il se retrouve dans bon nombre de nos mets en tant qu&rsquo;\u00e9pice. Cependant ce serait bien r\u00e9ducteur de s&rsquo;en arr\u00eater l\u00e0. Le gingembre d\u00e9bordent de bienfaits qui vous rendront plus fort.<\/p>\n<p>Poids : 100g<\/p>","protected":false},"featured_media":1964,"comment_status":"open","ping_status":"closed","template":"","meta":{"content-type":"","_monsterinsights_skip_tracking":false,"_monsterinsights_sitenote_active":false,"_monsterinsights_sitenote_note":"","_monsterinsights_sitenote_category":0},"product_brand":[],"product_cat":[25],"product_tag":[31,29,22,30],"class_list":{"0":"post-761","1":"product","2":"type-product","3":"status-publish","4":"has-post-thumbnail","6":"product_cat-super-food","7":"product_tag-aide-a-la-digestion","8":"product_tag-anti-fatigue","9":"product_tag-anti-inflammatoire","10":"product_tag-sante-cardiovasculaire","11":"pa_poids-100g","13":"first","14":"instock","15":"taxable","16":"shipping-taxable","17":"purchasable","18":"product-type-variable"},"aioseo_notices":[],"featured_image_urls_v2":{"full":["https:\/\/aadaheritage.com\/wp-content\/uploads\/2021\/11\/1d2d24c9-d58c-4545-bff9-543c4aebad21.jpg",1638,2048,false],"thumbnail":["https:\/\/aadaheritage.com\/wp-content\/uploads\/2021\/11\/1d2d24c9-d58c-4545-bff9-543c4aebad21-150x150.jpg",150,150,true],"medium":["https:\/\/aadaheritage.com\/wp-content\/uploads\/2021\/11\/1d2d24c9-d58c-4545-bff9-543c4aebad21-240x300.jpg",240,300,true],"medium_large":["https:\/\/aadaheritage.com\/wp-content\/uploads\/2021\/11\/1d2d24c9-d58c-4545-bff9-543c4aebad21-768x960.jpg",768,960,true],"large":["https:\/\/aadaheritage.com\/wp-content\/uploads\/2021\/11\/1d2d24c9-d58c-4545-bff9-543c4aebad21-819x1024.jpg",819,1024,true],"1536x1536":["https:\/\/aadaheritage.com\/wp-content\/uploads\/2021\/11\/1d2d24c9-d58c-4545-bff9-543c4aebad21-1229x1536.jpg",1229,1536,true],"2048x2048":["https:\/\/aadaheritage.com\/wp-content\/uploads\/2021\/11\/1d2d24c9-d58c-4545-bff9-543c4aebad21.jpg",1638,2048,false],"trp-custom-language-flag":["https:\/\/aadaheritage.com\/wp-content\/uploads\/2021\/11\/1d2d24c9-d58c-4545-bff9-543c4aebad21-10x12.jpg",10,12,true],"woocommerce_archive_thumbnail":["https:\/\/aadaheritage.com\/wp-content\/uploads\/2021\/11\/1d2d24c9-d58c-4545-bff9-543c4aebad21-300x300.jpg",300,300,true],"woocommerce_thumbnail":["https:\/\/aadaheritage.com\/wp-content\/uploads\/2021\/11\/1d2d24c9-d58c-4545-bff9-543c4aebad21-300x300.jpg",300,300,true],"woocommerce_single":["https:\/\/aadaheritage.com\/wp-content\/uploads\/2021\/11\/1d2d24c9-d58c-4545-bff9-543c4aebad21.jpg",600,750,false],"woocommerce_gallery_thumbnail":["https:\/\/aadaheritage.com\/wp-content\/uploads\/2021\/11\/1d2d24c9-d58c-4545-bff9-543c4aebad21-100x100.jpg",100,100,true]},"post_excerpt_stackable_v2":"<p><strong><em>Un fortifiant naturel<\/em><\/strong><\/p>\n<p>On ne le pr\u00e9sente plus. Bien connu pour ses vertus aphrodisiaque, il se retrouve dans bon nombre de nos mets en tant qu&rsquo;\u00e9pice. Cependant ce serait bien r\u00e9ducteur de s&rsquo;en arr\u00eater l\u00e0. Le gingembre d\u00e9bordent de bienfaits qui vous rendront plus fort.<\/p>\n<p>Poids : 100g<\/p>\n","category_list_v2":"","author_info_v2":{"name":"","url":""},"comments_num_v2":"0 comments","jetpack-related-posts":[{"id":777,"url":"https:\/\/aadaheritage.com\/en\/product\/poudre-de-force\/","url_meta":{"origin":761,"position":0},"title":"Poudre de Force","author":"aada","date":"18 November 2021","format":false,"excerpt":"Un alli\u00e9 de taille Ce m\u00e9lange a \u00e9t\u00e9 sp\u00e9cialement pens\u00e9 pour booster vos performances.Un m\u00e9lange unique de petit cola et de gimgembre. Poids : 100g","rel":"","context":"Similar post","block_context":{"text":"Similar post","link":""},"img":{"alt_text":"","src":"https:\/\/aadaheritage.com\/wp-content\/uploads\/2021\/11\/ef97e1ef-a458-4912-bffc-a3ae8bb58c21.jpg","width":350,"height":200,"srcset":"https:\/\/aadaheritage.com\/wp-content\/uploads\/2021\/11\/ef97e1ef-a458-4912-bffc-a3ae8bb58c21.jpg 1x, https:\/\/aadaheritage.com\/wp-content\/uploads\/2021\/11\/ef97e1ef-a458-4912-bffc-a3ae8bb58c21.jpg 1.5x, https:\/\/aadaheritage.com\/wp-content\/uploads\/2021\/11\/ef97e1ef-a458-4912-bffc-a3ae8bb58c21.jpg 2x"},"classes":[]},{"id":776,"url":"https:\/\/aadaheritage.com\/en\/product\/megaboost\/","url_meta":{"origin":761,"position":1},"title":"Le Mega Booster","author":"aada","date":"18 November 2021","format":false,"excerpt":"Une long\u00e9vit\u00e9 certaine Ce m\u00e9lange est un compos\u00e9 de vitamines, sel min\u00e9raux, oligo-\u00e9l\u00e9ments, antioxydants r\u00e9vis\u00e9 par nos soins. C\u2019est juste un scandale de bienfaits qui ne de devrait pas exister. Poids : 100g","rel":"","context":"Similar post","block_context":{"text":"Similar post","link":""},"img":{"alt_text":"","src":"https:\/\/aadaheritage.com\/wp-content\/uploads\/2021\/11\/301eb4ae-714f-42e1-9b57-454031dfc658.jpg","width":350,"height":200,"srcset":"https:\/\/aadaheritage.com\/wp-content\/uploads\/2021\/11\/301eb4ae-714f-42e1-9b57-454031dfc658.jpg 1x, https:\/\/aadaheritage.com\/wp-content\/uploads\/2021\/11\/301eb4ae-714f-42e1-9b57-454031dfc658.jpg 1.5x, https:\/\/aadaheritage.com\/wp-content\/uploads\/2021\/11\/301eb4ae-714f-42e1-9b57-454031dfc658.jpg 2x"},"classes":[]},{"id":775,"url":"https:\/\/aadaheritage.com\/en\/product\/poudre-de-petit-cola\/","url_meta":{"origin":761,"position":2},"title":"Poudre de Petit cola","author":"aada","date":"18 November 2021","format":false,"excerpt":"Un tonus assur\u00e9 Utilis\u00e9 dans la m\u00e9decine traditionnelle africaine depuis des si\u00e8cles, le petit cola ou encore bitter cola d\u00e9borde de vertus qui vous feront oublier son go\u00fbt amer. Poids : 100g","rel":"","context":"Similar post","block_context":{"text":"Similar post","link":""},"img":{"alt_text":"","src":"https:\/\/aadaheritage.com\/wp-content\/uploads\/2021\/11\/fc3432d9-9462-4d5a-b992-0064e913cb68-1.jpg","width":350,"height":200,"srcset":"https:\/\/aadaheritage.com\/wp-content\/uploads\/2021\/11\/fc3432d9-9462-4d5a-b992-0064e913cb68-1.jpg 1x, https:\/\/aadaheritage.com\/wp-content\/uploads\/2021\/11\/fc3432d9-9462-4d5a-b992-0064e913cb68-1.jpg 1.5x, https:\/\/aadaheritage.com\/wp-content\/uploads\/2021\/11\/fc3432d9-9462-4d5a-b992-0064e913cb68-1.jpg 2x"},"classes":[]},{"id":774,"url":"https:\/\/aadaheritage.com\/en\/product\/poudre-dhibiscus\/","url_meta":{"origin":761,"position":3},"title":"Poudre d&rsquo;hibiscus rouge","author":"aada","date":"18 November 2021","format":false,"excerpt":"La S\u00e9r\u00e9nit\u00e9 La poudre d\u2019hibiscus rouge commun\u00e9ment appel\u00e9e \u00ab bissap \u00bb est un concentr\u00e9 explosif de min\u00e9raux, d\u2019oligo-\u00e9l\u00e9ments, de vitamines et d\u2019antioxydants. Elle est couramment consomm\u00e9e en infusion et traditionnellement utilis\u00e9e \u00e0 travers le monde pour ses propri\u00e9t\u00e9s diur\u00e9tiques et hypotensives. L'hibiscus permet d'apaiser les troubles gastro-intestinaux, l\u2019hypersudation ou le\u2026","rel":"","context":"Similar post","block_context":{"text":"Similar post","link":""},"img":{"alt_text":"","src":"https:\/\/aadaheritage.com\/wp-content\/uploads\/2021\/11\/0e841e2b-c7b2-4ac8-a79e-fc69d2adcc7e.jpg","width":350,"height":200,"srcset":"https:\/\/aadaheritage.com\/wp-content\/uploads\/2021\/11\/0e841e2b-c7b2-4ac8-a79e-fc69d2adcc7e.jpg 1x, https:\/\/aadaheritage.com\/wp-content\/uploads\/2021\/11\/0e841e2b-c7b2-4ac8-a79e-fc69d2adcc7e.jpg 1.5x, https:\/\/aadaheritage.com\/wp-content\/uploads\/2021\/11\/0e841e2b-c7b2-4ac8-a79e-fc69d2adcc7e.jpg 2x"},"classes":[]},{"id":699,"url":"https:\/\/aadaheritage.com\/en\/product\/poudre-de-baobab\/","url_meta":{"origin":761,"position":4},"title":"Poudre de Baobab","author":"aada","date":"6 November 2021","format":false,"excerpt":"La r\u00e9sistance \u00e0 l\u2019\u00e9tat pur Fruit de l'arbre mythique africain, il poss\u00e8de une d\u00e9licieuse saveur sucr\u00e9e subtilement acidul\u00e9e, et avec sa valeur nutritionnelle record, c'est un des meilleurs compl\u00e9ments alimentaires qu'il soit. Poids : 100g","rel":"","context":"Similar post","block_context":{"text":"Similar post","link":""},"img":{"alt_text":"","src":"https:\/\/aadaheritage.com\/wp-content\/uploads\/2021\/11\/1a05e9f0-8a3a-4f12-b19e-d108b794c7ae.jpg","width":350,"height":200,"srcset":"https:\/\/aadaheritage.com\/wp-content\/uploads\/2021\/11\/1a05e9f0-8a3a-4f12-b19e-d108b794c7ae.jpg 1x, https:\/\/aadaheritage.com\/wp-content\/uploads\/2021\/11\/1a05e9f0-8a3a-4f12-b19e-d108b794c7ae.jpg 1.5x, https:\/\/aadaheritage.com\/wp-content\/uploads\/2021\/11\/1a05e9f0-8a3a-4f12-b19e-d108b794c7ae.jpg 2x"},"classes":[]},{"id":759,"url":"https:\/\/aadaheritage.com\/en\/product\/poudre-de-moringa\/","url_meta":{"origin":761,"position":5},"title":"Poudre de Moringa","author":"aada","date":"18 November 2021","format":false,"excerpt":"Un concentr\u00e9 de vertus La poudre de feuilles de Moringa est utilis\u00e9e depuis des mill\u00e9naires pour ses vertus m\u00e9dicinales. Extr\u00eamement riche en nutriments, elle aide \u00e0 enforcer durablement le syst\u00e8me immunitaire. Poids : 100g","rel":"","context":"Similar post","block_context":{"text":"Similar post","link":""},"img":{"alt_text":"","src":"https:\/\/aadaheritage.com\/wp-content\/uploads\/2021\/11\/e0a5751a-a1a3-40b5-941c-13f2bdcb330f.jpg","width":350,"height":200,"srcset":"https:\/\/aadaheritage.com\/wp-content\/uploads\/2021\/11\/e0a5751a-a1a3-40b5-941c-13f2bdcb330f.jpg 1x, https:\/\/aadaheritage.com\/wp-content\/uploads\/2021\/11\/e0a5751a-a1a3-40b5-941c-13f2bdcb330f.jpg 1.5x, https:\/\/aadaheritage.com\/wp-content\/uploads\/2021\/11\/e0a5751a-a1a3-40b5-941c-13f2bdcb330f.jpg 2x"},"classes":[]}],"_links":{"self":[{"href":"https:\/\/aadaheritage.com\/en\/wp-json\/wp\/v2\/product\/761","targetHints":{"allow":["GET"]}}],"collection":[{"href":"https:\/\/aadaheritage.com\/en\/wp-json\/wp\/v2\/product"}],"about":[{"href":"https:\/\/aadaheritage.com\/en\/wp-json\/wp\/v2\/types\/product"}],"replies":[{"embeddable":true,"href":"https:\/\/aadaheritage.com\/en\/wp-json\/wp\/v2\/comments?post=761"}],"wp:featuredmedia":[{"embeddable":true,"href":"https:\/\/aadaheritage.com\/en\/wp-json\/wp\/v2\/media\/1964"}],"wp:attachment":[{"href":"https:\/\/aadaheritage.com\/en\/wp-json\/wp\/v2\/media?parent=761"}],"wp:term":[{"taxonomy":"product_brand","embeddable":true,"href":"https:\/\/aadaheritage.com\/en\/wp-json\/wp\/v2\/product_brand?post=761"},{"taxonomy":"product_cat","embeddable":true,"href":"https:\/\/aadaheritage.com\/en\/wp-json\/wp\/v2\/product_cat?post=761"},{"taxonomy":"product_tag","embeddable":true,"href":"https:\/\/aadaheritage.com\/en\/wp-json\/wp\/v2\/product_tag?post=761"}],"curies":[{"name":"wp","href":"https:\/\/api.w.org\/{rel}","templated":true}]}}