{"id":774,"date":"2021-11-18T22:51:10","date_gmt":"2021-11-18T21:51:10","guid":{"rendered":"https:\/\/aadaheritage.com\/?post_type=product&#038;p=774"},"modified":"2025-08-31T16:49:18","modified_gmt":"2025-08-31T14:49:18","slug":"poudre-dhibiscus","status":"publish","type":"product","link":"https:\/\/aadaheritage.com\/en\/product\/poudre-dhibiscus\/","title":{"rendered":"Poudre d&rsquo;hibiscus rouge"},"content":{"rendered":"<p><img loading=\"lazy\" decoding=\"async\" class=\"size-medium wp-image-991 alignright\" src=\"http:\/\/aadaheritage.com\/wp-content\/uploads\/2022\/04\/983cf12855ae8975eaced654bf3cf5f5-300x300.jpeg\" alt=\"\" width=\"300\" height=\"300\" srcset=\"https:\/\/aadaheritage.com\/wp-content\/uploads\/2022\/04\/983cf12855ae8975eaced654bf3cf5f5.jpeg 300w, https:\/\/aadaheritage.com\/wp-content\/uploads\/2022\/04\/983cf12855ae8975eaced654bf3cf5f5.jpeg 150w, https:\/\/aadaheritage.com\/wp-content\/uploads\/2022\/04\/983cf12855ae8975eaced654bf3cf5f5.jpeg 12w, https:\/\/aadaheritage.com\/wp-content\/uploads\/2022\/04\/983cf12855ae8975eaced654bf3cf5f5.jpeg 600w, https:\/\/aadaheritage.com\/wp-content\/uploads\/2022\/04\/983cf12855ae8975eaced654bf3cf5f5.jpeg 100w, https:\/\/aadaheritage.com\/wp-content\/uploads\/2022\/04\/983cf12855ae8975eaced654bf3cf5f5.jpeg 640w\" sizes=\"auto, (max-width: 300px) 100vw, 300px\" \/><\/p>\n<p>La poudre d\u2019hibiscus entre dans la pr\u00e9paration d\u2019infusion, \u00e0 consommer<br \/>\nchaude ou froide. Elle peut \u00e9galement \u00eatre saupoudr\u00e9e sur vos plats pour<br \/>\ndonner une belle touche de couleur et une saveur acidul\u00e9e. Ce produit est<br \/>\n\u00e9galement utilis\u00e9e en cosm\u00e9tique.<\/p>\n<p><b>Caract\u00e9ristiques :<\/b><\/p>\n<ul>\n<li>Source de VITAMINE C<\/li>\n<li>Source d\u2019ANTIOXYDANTS<\/li>\n<li>Lutte contre les RADICAUX LIBRES<\/li>\n<\/ul>\n<p><b>Bienfaits\u00a0:<\/b><\/p>\n<ul>\n<li>Aide \u00e0 lutter contre l\u2019hypertension et le cholest\u00e9rol<\/li>\n<li>\u00a0Antid\u00e9presseur<\/li>\n<li>\u00a0Perte de poids<\/li>\n<li>Aide \u00e0 la digestion<\/li>\n<\/ul>\n<p><strong>Composition : <\/strong><\/p>\n<p>100 % poudre d&rsquo;hibiscus rouge<\/p>\n<p>&nbsp;<\/p>\n<p><em>Achat hibiscus en poudre, Perte de poids rapide naturel<\/em><\/p>","protected":false},"excerpt":{"rendered":"<p><em><strong>La S\u00e9r\u00e9nit\u00e9<\/strong><\/em><\/p>\n<p>La poudre d\u2019hibiscus rouge commun\u00e9ment appel\u00e9e \u00ab bissap \u00bb est un concentr\u00e9 explosif de min\u00e9raux, d\u2019oligo-\u00e9l\u00e9ments, de vitamines et d\u2019antioxydants. Elle est couramment consomm\u00e9e en infusion et traditionnellement utilis\u00e9e \u00e0 travers le monde pour ses propri\u00e9t\u00e9s diur\u00e9tiques et hypotensives. L&rsquo;hibiscus permet d&rsquo;apaiser les troubles gastro-intestinaux, l\u2019hypersudation ou le diab\u00e8te.<\/p>\n<p>Poids : 100g<\/p>","protected":false},"featured_media":1961,"comment_status":"open","ping_status":"closed","template":"","meta":{"content-type":"","_monsterinsights_skip_tracking":false,"_monsterinsights_sitenote_active":false,"_monsterinsights_sitenote_note":"","_monsterinsights_sitenote_category":0},"product_brand":[],"product_cat":[25],"product_tag":[31,33,44,32],"class_list":{"0":"post-774","1":"product","2":"type-product","3":"status-publish","4":"has-post-thumbnail","6":"product_cat-super-food","7":"product_tag-aide-a-la-digestion","8":"product_tag-aide-a-lutter-contre-lhypertension-et-le-cholesterol","9":"product_tag-anti-depresseur","10":"product_tag-perte-de-poids","11":"pa_poids-100g","13":"first","14":"instock","15":"taxable","16":"shipping-taxable","17":"purchasable","18":"product-type-variable"},"aioseo_notices":[],"featured_image_urls_v2":{"full":["https:\/\/aadaheritage.com\/wp-content\/uploads\/2021\/11\/0e841e2b-c7b2-4ac8-a79e-fc69d2adcc7e.jpg",1638,2048,false],"thumbnail":["https:\/\/aadaheritage.com\/wp-content\/uploads\/2021\/11\/0e841e2b-c7b2-4ac8-a79e-fc69d2adcc7e-150x150.jpg",150,150,true],"medium":["https:\/\/aadaheritage.com\/wp-content\/uploads\/2021\/11\/0e841e2b-c7b2-4ac8-a79e-fc69d2adcc7e-240x300.jpg",240,300,true],"medium_large":["https:\/\/aadaheritage.com\/wp-content\/uploads\/2021\/11\/0e841e2b-c7b2-4ac8-a79e-fc69d2adcc7e-768x960.jpg",768,960,true],"large":["https:\/\/aadaheritage.com\/wp-content\/uploads\/2021\/11\/0e841e2b-c7b2-4ac8-a79e-fc69d2adcc7e-819x1024.jpg",819,1024,true],"1536x1536":["https:\/\/aadaheritage.com\/wp-content\/uploads\/2021\/11\/0e841e2b-c7b2-4ac8-a79e-fc69d2adcc7e-1229x1536.jpg",1229,1536,true],"2048x2048":["https:\/\/aadaheritage.com\/wp-content\/uploads\/2021\/11\/0e841e2b-c7b2-4ac8-a79e-fc69d2adcc7e.jpg",1638,2048,false],"trp-custom-language-flag":["https:\/\/aadaheritage.com\/wp-content\/uploads\/2021\/11\/0e841e2b-c7b2-4ac8-a79e-fc69d2adcc7e-10x12.jpg",10,12,true],"woocommerce_archive_thumbnail":["https:\/\/aadaheritage.com\/wp-content\/uploads\/2021\/11\/0e841e2b-c7b2-4ac8-a79e-fc69d2adcc7e-300x300.jpg",300,300,true],"woocommerce_thumbnail":["https:\/\/aadaheritage.com\/wp-content\/uploads\/2021\/11\/0e841e2b-c7b2-4ac8-a79e-fc69d2adcc7e-300x300.jpg",300,300,true],"woocommerce_single":["https:\/\/aadaheritage.com\/wp-content\/uploads\/2021\/11\/0e841e2b-c7b2-4ac8-a79e-fc69d2adcc7e.jpg",600,750,false],"woocommerce_gallery_thumbnail":["https:\/\/aadaheritage.com\/wp-content\/uploads\/2021\/11\/0e841e2b-c7b2-4ac8-a79e-fc69d2adcc7e-100x100.jpg",100,100,true]},"post_excerpt_stackable_v2":"<p><em><strong>La S\u00e9r\u00e9nit\u00e9<\/strong><\/em><\/p>\n<p>La poudre d\u2019hibiscus rouge commun\u00e9ment appel\u00e9e \u00ab bissap \u00bb est un concentr\u00e9 explosif de min\u00e9raux, d\u2019oligo-\u00e9l\u00e9ments, de vitamines et d\u2019antioxydants. Elle est couramment consomm\u00e9e en infusion et traditionnellement utilis\u00e9e \u00e0 travers le monde pour ses propri\u00e9t\u00e9s diur\u00e9tiques et hypotensives. L&rsquo;hibiscus permet d&rsquo;apaiser les troubles gastro-intestinaux, l\u2019hypersudation ou le diab\u00e8te.<\/p>\n<p>Poids : 100g<\/p>\n","category_list_v2":"","author_info_v2":{"name":"","url":""},"comments_num_v2":"0 comments","jetpack-related-posts":[{"id":776,"url":"https:\/\/aadaheritage.com\/en\/product\/megaboost\/","url_meta":{"origin":774,"position":0},"title":"Le Mega Booster","author":"aada","date":"18 November 2021","format":false,"excerpt":"Une long\u00e9vit\u00e9 certaine Ce m\u00e9lange est un compos\u00e9 de vitamines, sel min\u00e9raux, oligo-\u00e9l\u00e9ments, antioxydants r\u00e9vis\u00e9 par nos soins. C\u2019est juste un scandale de bienfaits qui ne de devrait pas exister. Poids : 100g","rel":"","context":"Similar post","block_context":{"text":"Similar post","link":""},"img":{"alt_text":"","src":"https:\/\/aadaheritage.com\/wp-content\/uploads\/2021\/11\/301eb4ae-714f-42e1-9b57-454031dfc658.jpg","width":350,"height":200,"srcset":"https:\/\/aadaheritage.com\/wp-content\/uploads\/2021\/11\/301eb4ae-714f-42e1-9b57-454031dfc658.jpg 1x, https:\/\/aadaheritage.com\/wp-content\/uploads\/2021\/11\/301eb4ae-714f-42e1-9b57-454031dfc658.jpg 1.5x, https:\/\/aadaheritage.com\/wp-content\/uploads\/2021\/11\/301eb4ae-714f-42e1-9b57-454031dfc658.jpg 2x"},"classes":[]},{"id":777,"url":"https:\/\/aadaheritage.com\/en\/product\/poudre-de-force\/","url_meta":{"origin":774,"position":1},"title":"Poudre de Force","author":"aada","date":"18 November 2021","format":false,"excerpt":"Un alli\u00e9 de taille Ce m\u00e9lange a \u00e9t\u00e9 sp\u00e9cialement pens\u00e9 pour booster vos performances.Un m\u00e9lange unique de petit cola et de gimgembre. Poids : 100g","rel":"","context":"Similar post","block_context":{"text":"Similar post","link":""},"img":{"alt_text":"","src":"https:\/\/aadaheritage.com\/wp-content\/uploads\/2021\/11\/ef97e1ef-a458-4912-bffc-a3ae8bb58c21.jpg","width":350,"height":200,"srcset":"https:\/\/aadaheritage.com\/wp-content\/uploads\/2021\/11\/ef97e1ef-a458-4912-bffc-a3ae8bb58c21.jpg 1x, https:\/\/aadaheritage.com\/wp-content\/uploads\/2021\/11\/ef97e1ef-a458-4912-bffc-a3ae8bb58c21.jpg 1.5x, https:\/\/aadaheritage.com\/wp-content\/uploads\/2021\/11\/ef97e1ef-a458-4912-bffc-a3ae8bb58c21.jpg 2x"},"classes":[]},{"id":759,"url":"https:\/\/aadaheritage.com\/en\/product\/poudre-de-moringa\/","url_meta":{"origin":774,"position":2},"title":"Poudre de Moringa","author":"aada","date":"18 November 2021","format":false,"excerpt":"Un concentr\u00e9 de vertus La poudre de feuilles de Moringa est utilis\u00e9e depuis des mill\u00e9naires pour ses vertus m\u00e9dicinales. Extr\u00eamement riche en nutriments, elle aide \u00e0 enforcer durablement le syst\u00e8me immunitaire. Poids : 100g","rel":"","context":"Similar post","block_context":{"text":"Similar post","link":""},"img":{"alt_text":"","src":"https:\/\/aadaheritage.com\/wp-content\/uploads\/2021\/11\/e0a5751a-a1a3-40b5-941c-13f2bdcb330f.jpg","width":350,"height":200,"srcset":"https:\/\/aadaheritage.com\/wp-content\/uploads\/2021\/11\/e0a5751a-a1a3-40b5-941c-13f2bdcb330f.jpg 1x, https:\/\/aadaheritage.com\/wp-content\/uploads\/2021\/11\/e0a5751a-a1a3-40b5-941c-13f2bdcb330f.jpg 1.5x, https:\/\/aadaheritage.com\/wp-content\/uploads\/2021\/11\/e0a5751a-a1a3-40b5-941c-13f2bdcb330f.jpg 2x"},"classes":[]},{"id":761,"url":"https:\/\/aadaheritage.com\/en\/product\/poudre-de-gingembre\/","url_meta":{"origin":774,"position":3},"title":"Poudre de Gingembre","author":"aada","date":"18 November 2021","format":false,"excerpt":"Un fortifiant naturel On ne le pr\u00e9sente plus. Bien connu pour ses vertus aphrodisiaque, il se retrouve dans bon nombre de nos mets en tant qu'\u00e9pice. Cependant ce serait bien r\u00e9ducteur de s'en arr\u00eater l\u00e0. Le gingembre d\u00e9bordent de bienfaits qui vous rendront plus fort. Poids : 100g","rel":"","context":"Similar post","block_context":{"text":"Similar post","link":""},"img":{"alt_text":"","src":"https:\/\/aadaheritage.com\/wp-content\/uploads\/2021\/11\/1d2d24c9-d58c-4545-bff9-543c4aebad21.jpg","width":350,"height":200,"srcset":"https:\/\/aadaheritage.com\/wp-content\/uploads\/2021\/11\/1d2d24c9-d58c-4545-bff9-543c4aebad21.jpg 1x, https:\/\/aadaheritage.com\/wp-content\/uploads\/2021\/11\/1d2d24c9-d58c-4545-bff9-543c4aebad21.jpg 1.5x, https:\/\/aadaheritage.com\/wp-content\/uploads\/2021\/11\/1d2d24c9-d58c-4545-bff9-543c4aebad21.jpg 2x"},"classes":[]},{"id":775,"url":"https:\/\/aadaheritage.com\/en\/product\/poudre-de-petit-cola\/","url_meta":{"origin":774,"position":4},"title":"Poudre de Petit cola","author":"aada","date":"18 November 2021","format":false,"excerpt":"Un tonus assur\u00e9 Utilis\u00e9 dans la m\u00e9decine traditionnelle africaine depuis des si\u00e8cles, le petit cola ou encore bitter cola d\u00e9borde de vertus qui vous feront oublier son go\u00fbt amer. Poids : 100g","rel":"","context":"Similar post","block_context":{"text":"Similar post","link":""},"img":{"alt_text":"","src":"https:\/\/aadaheritage.com\/wp-content\/uploads\/2021\/11\/fc3432d9-9462-4d5a-b992-0064e913cb68-1.jpg","width":350,"height":200,"srcset":"https:\/\/aadaheritage.com\/wp-content\/uploads\/2021\/11\/fc3432d9-9462-4d5a-b992-0064e913cb68-1.jpg 1x, https:\/\/aadaheritage.com\/wp-content\/uploads\/2021\/11\/fc3432d9-9462-4d5a-b992-0064e913cb68-1.jpg 1.5x, https:\/\/aadaheritage.com\/wp-content\/uploads\/2021\/11\/fc3432d9-9462-4d5a-b992-0064e913cb68-1.jpg 2x"},"classes":[]},{"id":2031,"url":"https:\/\/aadaheritage.com\/en\/product\/pack-minceur-gingembre-2-petit-cola-hibiscus\/","url_meta":{"origin":774,"position":5},"title":"PACK MINCEUR (Gingembre \/ 2 Petit Cola \/ Hibiscus)","author":"Admin","date":"24 February 2025","format":false,"excerpt":"Bienfaits :\u2705 Acc\u00e9l\u00e8re la perte de poids naturellement\u2705 Br\u00fbleur de graisses et r\u00e9gulateur du m\u00e9tabolisme\u2705 Effet coupe-faim et \u00e9nergisant\u2705 Favorise une digestion saine et l\u00e9g\u00e8re\u2705 Aide \u00e0 lutter contre la r\u00e9tention d\u2019eau et le cholest\u00e9rol \u00a0 \u00a0 Bienfaits du gingembre et petit cola.","rel":"","context":"Similar post","block_context":{"text":"Similar post","link":""},"img":{"alt_text":"","src":"https:\/\/aadaheritage.com\/wp-content\/uploads\/2025\/02\/PACK-PROMO-Document-A4.png","width":350,"height":200,"srcset":"https:\/\/aadaheritage.com\/wp-content\/uploads\/2025\/02\/PACK-PROMO-Document-A4.png 1x, https:\/\/aadaheritage.com\/wp-content\/uploads\/2025\/02\/PACK-PROMO-Document-A4.png 1.5x, https:\/\/aadaheritage.com\/wp-content\/uploads\/2025\/02\/PACK-PROMO-Document-A4.png 2x"},"classes":[]}],"_links":{"self":[{"href":"https:\/\/aadaheritage.com\/en\/wp-json\/wp\/v2\/product\/774","targetHints":{"allow":["GET"]}}],"collection":[{"href":"https:\/\/aadaheritage.com\/en\/wp-json\/wp\/v2\/product"}],"about":[{"href":"https:\/\/aadaheritage.com\/en\/wp-json\/wp\/v2\/types\/product"}],"replies":[{"embeddable":true,"href":"https:\/\/aadaheritage.com\/en\/wp-json\/wp\/v2\/comments?post=774"}],"wp:featuredmedia":[{"embeddable":true,"href":"https:\/\/aadaheritage.com\/en\/wp-json\/wp\/v2\/media\/1961"}],"wp:attachment":[{"href":"https:\/\/aadaheritage.com\/en\/wp-json\/wp\/v2\/media?parent=774"}],"wp:term":[{"taxonomy":"product_brand","embeddable":true,"href":"https:\/\/aadaheritage.com\/en\/wp-json\/wp\/v2\/product_brand?post=774"},{"taxonomy":"product_cat","embeddable":true,"href":"https:\/\/aadaheritage.com\/en\/wp-json\/wp\/v2\/product_cat?post=774"},{"taxonomy":"product_tag","embeddable":true,"href":"https:\/\/aadaheritage.com\/en\/wp-json\/wp\/v2\/product_tag?post=774"}],"curies":[{"name":"wp","href":"https:\/\/api.w.org\/{rel}","templated":true}]}}