{"id":776,"date":"2021-11-18T23:00:04","date_gmt":"2021-11-18T22:00:04","guid":{"rendered":"https:\/\/aadaheritage.com\/?post_type=product&#038;p=776"},"modified":"2025-08-31T16:49:18","modified_gmt":"2025-08-31T14:49:18","slug":"megaboost","status":"publish","type":"product","link":"https:\/\/aadaheritage.com\/en\/product\/megaboost\/","title":{"rendered":"Le Mega Booster"},"content":{"rendered":"<p>&nbsp;<\/p>\n<p>M\u00e9gabooster est une combinaison de poudre de moringa, de gingembre et d&rsquo;hibiscus. Ces trois plantes ont chacune des propri\u00e9t\u00e9s th\u00e9rapeutiques av\u00e9r\u00e9es. Ce m\u00e9lange est un excellent antibact\u00e9rien, anti-inflammatoire et antalgique.<\/p>\n<p>La poudre m\u00e9gabooster peut \u00eatre consomm\u00e9e de diff\u00e9rente mani\u00e8re. Elle peut \u00eatre prise tout au long de la journ\u00e9e.<\/p>\n<p><b>Caract\u00e9ristiques :<\/b><\/p>\n<ul>\n<li>Source d\u2019ANTIOXYDANTS<\/li>\n<li>Source de SELS MINERAUX<\/li>\n<li>Source d\u2019OLIGO-\u00c9L\u00c8MENTS<\/li>\n<li>Source de VITAMINE C<\/li>\n<li>Source de VITAMINE B3 et B6<\/li>\n<\/ul>\n<p><b>Bienfaits\u00a0:<\/b><\/p>\n<ul>\n<li>Antioxydant<\/li>\n<li>\u00a0Booster de syst\u00e8me immunitaire<\/li>\n<li>\u00a0Sant\u00e9 mentale<\/li>\n<li>\u00a0Sant\u00e9 intestinale<\/li>\n<\/ul>\n<p><strong>Composition :<\/strong><\/p>\n<p>Ce produit contient 1\/3 de poudre de moringa, 1\/3 de poudre de gingembre et 1\/3 de poudre d&rsquo;hibiscus.<\/p>\n<p>&nbsp;<\/p>","protected":false},"excerpt":{"rendered":"<p><strong><em>Une long\u00e9vit\u00e9 certaine<\/em><\/strong><\/p>\n<p>Ce m\u00e9lange est un compos\u00e9 de vitamines, sel min\u00e9raux, oligo-\u00e9l\u00e9ments, antioxydants r\u00e9vis\u00e9 par nos soins.<br \/>\n<strong>C\u2019est juste un scandale de bienfaits qui ne de devrait pas exister.<\/strong><\/p>\n<p>Poids : 100g<\/p>","protected":false},"featured_media":1960,"comment_status":"open","ping_status":"closed","template":"","meta":{"content-type":"","_monsterinsights_skip_tracking":false,"_monsterinsights_sitenote_active":false,"_monsterinsights_sitenote_note":"","_monsterinsights_sitenote_category":0},"product_brand":[],"product_cat":[25],"product_tag":[23,24,37,36],"class_list":{"0":"post-776","1":"product","2":"type-product","3":"status-publish","4":"has-post-thumbnail","6":"product_cat-super-food","7":"product_tag-antioxydant","8":"product_tag-booster-de-systeme-immunitaire","9":"product_tag-sante-intestinale","10":"product_tag-sante-mentale","11":"pa_poids-100g","13":"first","14":"instock","15":"taxable","16":"shipping-taxable","17":"purchasable","18":"product-type-variable"},"aioseo_notices":[],"featured_image_urls_v2":{"full":["https:\/\/aadaheritage.com\/wp-content\/uploads\/2021\/11\/301eb4ae-714f-42e1-9b57-454031dfc658.jpg",1638,2048,false],"thumbnail":["https:\/\/aadaheritage.com\/wp-content\/uploads\/2021\/11\/301eb4ae-714f-42e1-9b57-454031dfc658.jpg",120,150,false],"medium":["https:\/\/aadaheritage.com\/wp-content\/uploads\/2021\/11\/301eb4ae-714f-42e1-9b57-454031dfc658.jpg",240,300,false],"medium_large":["https:\/\/aadaheritage.com\/wp-content\/uploads\/2021\/11\/301eb4ae-714f-42e1-9b57-454031dfc658.jpg",768,960,false],"large":["https:\/\/aadaheritage.com\/wp-content\/uploads\/2021\/11\/301eb4ae-714f-42e1-9b57-454031dfc658.jpg",819,1024,false],"1536x1536":["https:\/\/aadaheritage.com\/wp-content\/uploads\/2021\/11\/301eb4ae-714f-42e1-9b57-454031dfc658.jpg",1229,1536,false],"2048x2048":["https:\/\/aadaheritage.com\/wp-content\/uploads\/2021\/11\/301eb4ae-714f-42e1-9b57-454031dfc658.jpg",1638,2048,false],"trp-custom-language-flag":["https:\/\/aadaheritage.com\/wp-content\/uploads\/2021\/11\/301eb4ae-714f-42e1-9b57-454031dfc658.jpg",10,12,false],"woocommerce_archive_thumbnail":["https:\/\/aadaheritage.com\/wp-content\/uploads\/2021\/11\/301eb4ae-714f-42e1-9b57-454031dfc658-300x300.jpg",300,300,true],"woocommerce_thumbnail":["https:\/\/aadaheritage.com\/wp-content\/uploads\/2021\/11\/301eb4ae-714f-42e1-9b57-454031dfc658-300x300.jpg",300,300,true],"woocommerce_single":["https:\/\/aadaheritage.com\/wp-content\/uploads\/2021\/11\/301eb4ae-714f-42e1-9b57-454031dfc658.jpg",600,750,false],"woocommerce_gallery_thumbnail":["https:\/\/aadaheritage.com\/wp-content\/uploads\/2021\/11\/301eb4ae-714f-42e1-9b57-454031dfc658-100x100.jpg",100,100,true]},"post_excerpt_stackable_v2":"<p><strong><em>Une long\u00e9vit\u00e9 certaine<\/em><\/strong><\/p>\n<p>Ce m\u00e9lange est un compos\u00e9 de vitamines, sel min\u00e9raux, oligo-\u00e9l\u00e9ments, antioxydants r\u00e9vis\u00e9 par nos soins.<br \/>\n<strong>C\u2019est juste un scandale de bienfaits qui ne de devrait pas exister.<\/strong><\/p>\n<p>Poids : 100g<\/p>\n","category_list_v2":"","author_info_v2":{"name":"","url":""},"comments_num_v2":"0 comments","jetpack-related-posts":[{"id":777,"url":"https:\/\/aadaheritage.com\/en\/product\/poudre-de-force\/","url_meta":{"origin":776,"position":0},"title":"Poudre de Force","author":"aada","date":"18 November 2021","format":false,"excerpt":"Un alli\u00e9 de taille Ce m\u00e9lange a \u00e9t\u00e9 sp\u00e9cialement pens\u00e9 pour booster vos performances.Un m\u00e9lange unique de petit cola et de gimgembre. Poids : 100g","rel":"","context":"Similar post","block_context":{"text":"Similar post","link":""},"img":{"alt_text":"","src":"https:\/\/aadaheritage.com\/wp-content\/uploads\/2021\/11\/ef97e1ef-a458-4912-bffc-a3ae8bb58c21.jpg","width":350,"height":200,"srcset":"https:\/\/aadaheritage.com\/wp-content\/uploads\/2021\/11\/ef97e1ef-a458-4912-bffc-a3ae8bb58c21.jpg 1x, https:\/\/aadaheritage.com\/wp-content\/uploads\/2021\/11\/ef97e1ef-a458-4912-bffc-a3ae8bb58c21.jpg 1.5x, https:\/\/aadaheritage.com\/wp-content\/uploads\/2021\/11\/ef97e1ef-a458-4912-bffc-a3ae8bb58c21.jpg 2x"},"classes":[]},{"id":2035,"url":"https:\/\/aadaheritage.com\/en\/product\/pack-vivre-mieux-megabooster-baobab-moringa-petit-cola\/","url_meta":{"origin":776,"position":1},"title":"PACK VIVRE MIEUX (Megabooster \/ Baobab \/ Moringa \/ Petit Cola)","author":"Admin","date":"24 February 2025","format":false,"excerpt":"Bienfaits :\u2705 Renforce l\u2019immunit\u00e9 et lutte contre la fatigue\u2705 Riche en vitamines et min\u00e9raux essentiels\u2705 Favorise une peau \u00e9clatante et une bonne digestion\u2705 Am\u00e9liore la circulation sanguine et r\u00e9duit les inflammations\u2705 Source exceptionnelle d\u2019antioxydants et d\u2019\u00e9nergie naturelle","rel":"","context":"Similar post","block_context":{"text":"Similar post","link":""},"img":{"alt_text":"","src":"https:\/\/aadaheritage.com\/wp-content\/uploads\/2025\/02\/PACK-PROMO-Document-A4-1.png","width":350,"height":200,"srcset":"https:\/\/aadaheritage.com\/wp-content\/uploads\/2025\/02\/PACK-PROMO-Document-A4-1.png 1x, https:\/\/aadaheritage.com\/wp-content\/uploads\/2025\/02\/PACK-PROMO-Document-A4-1.png 1.5x, https:\/\/aadaheritage.com\/wp-content\/uploads\/2025\/02\/PACK-PROMO-Document-A4-1.png 2x"},"classes":[]},{"id":774,"url":"https:\/\/aadaheritage.com\/en\/product\/poudre-dhibiscus\/","url_meta":{"origin":776,"position":2},"title":"Poudre d&rsquo;hibiscus rouge","author":"aada","date":"18 November 2021","format":false,"excerpt":"La S\u00e9r\u00e9nit\u00e9 La poudre d\u2019hibiscus rouge commun\u00e9ment appel\u00e9e \u00ab bissap \u00bb est un concentr\u00e9 explosif de min\u00e9raux, d\u2019oligo-\u00e9l\u00e9ments, de vitamines et d\u2019antioxydants. Elle est couramment consomm\u00e9e en infusion et traditionnellement utilis\u00e9e \u00e0 travers le monde pour ses propri\u00e9t\u00e9s diur\u00e9tiques et hypotensives. L'hibiscus permet d'apaiser les troubles gastro-intestinaux, l\u2019hypersudation ou le\u2026","rel":"","context":"Similar post","block_context":{"text":"Similar post","link":""},"img":{"alt_text":"","src":"https:\/\/aadaheritage.com\/wp-content\/uploads\/2021\/11\/0e841e2b-c7b2-4ac8-a79e-fc69d2adcc7e.jpg","width":350,"height":200,"srcset":"https:\/\/aadaheritage.com\/wp-content\/uploads\/2021\/11\/0e841e2b-c7b2-4ac8-a79e-fc69d2adcc7e.jpg 1x, https:\/\/aadaheritage.com\/wp-content\/uploads\/2021\/11\/0e841e2b-c7b2-4ac8-a79e-fc69d2adcc7e.jpg 1.5x, https:\/\/aadaheritage.com\/wp-content\/uploads\/2021\/11\/0e841e2b-c7b2-4ac8-a79e-fc69d2adcc7e.jpg 2x"},"classes":[]},{"id":2029,"url":"https:\/\/aadaheritage.com\/en\/product\/pack-katane-2-force-2-megabooster\/","url_meta":{"origin":776,"position":3},"title":"PACK KATANE 2 FORCE \/ 2 MEGABOOSTER","author":"Admin","date":"24 February 2025","format":false,"excerpt":"Bienfaits :\u2705 Booste l\u2019\u00e9nergie et la concentration\u2705 Stimule le syst\u00e8me immunitaire\u2705 Aphrodisiaque naturel\u2705 Antioxydant et anti-inflammatoire\u2705 Am\u00e9liore la digestion et la circulation sanguine","rel":"","context":"Similar post","block_context":{"text":"Similar post","link":""},"img":{"alt_text":"","src":"https:\/\/aadaheritage.com\/wp-content\/uploads\/2025\/02\/3.png","width":350,"height":200,"srcset":"https:\/\/aadaheritage.com\/wp-content\/uploads\/2025\/02\/3.png 1x, https:\/\/aadaheritage.com\/wp-content\/uploads\/2025\/02\/3.png 1.5x, https:\/\/aadaheritage.com\/wp-content\/uploads\/2025\/02\/3.png 2x"},"classes":[]},{"id":761,"url":"https:\/\/aadaheritage.com\/en\/product\/poudre-de-gingembre\/","url_meta":{"origin":776,"position":4},"title":"Poudre de Gingembre","author":"aada","date":"18 November 2021","format":false,"excerpt":"Un fortifiant naturel On ne le pr\u00e9sente plus. Bien connu pour ses vertus aphrodisiaque, il se retrouve dans bon nombre de nos mets en tant qu'\u00e9pice. Cependant ce serait bien r\u00e9ducteur de s'en arr\u00eater l\u00e0. Le gingembre d\u00e9bordent de bienfaits qui vous rendront plus fort. Poids : 100g","rel":"","context":"Similar post","block_context":{"text":"Similar post","link":""},"img":{"alt_text":"","src":"https:\/\/aadaheritage.com\/wp-content\/uploads\/2021\/11\/1d2d24c9-d58c-4545-bff9-543c4aebad21.jpg","width":350,"height":200,"srcset":"https:\/\/aadaheritage.com\/wp-content\/uploads\/2021\/11\/1d2d24c9-d58c-4545-bff9-543c4aebad21.jpg 1x, https:\/\/aadaheritage.com\/wp-content\/uploads\/2021\/11\/1d2d24c9-d58c-4545-bff9-543c4aebad21.jpg 1.5x, https:\/\/aadaheritage.com\/wp-content\/uploads\/2021\/11\/1d2d24c9-d58c-4545-bff9-543c4aebad21.jpg 2x"},"classes":[]},{"id":759,"url":"https:\/\/aadaheritage.com\/en\/product\/poudre-de-moringa\/","url_meta":{"origin":776,"position":5},"title":"Poudre de Moringa","author":"aada","date":"18 November 2021","format":false,"excerpt":"Un concentr\u00e9 de vertus La poudre de feuilles de Moringa est utilis\u00e9e depuis des mill\u00e9naires pour ses vertus m\u00e9dicinales. Extr\u00eamement riche en nutriments, elle aide \u00e0 enforcer durablement le syst\u00e8me immunitaire. Poids : 100g","rel":"","context":"Similar post","block_context":{"text":"Similar post","link":""},"img":{"alt_text":"","src":"https:\/\/aadaheritage.com\/wp-content\/uploads\/2021\/11\/e0a5751a-a1a3-40b5-941c-13f2bdcb330f.jpg","width":350,"height":200,"srcset":"https:\/\/aadaheritage.com\/wp-content\/uploads\/2021\/11\/e0a5751a-a1a3-40b5-941c-13f2bdcb330f.jpg 1x, https:\/\/aadaheritage.com\/wp-content\/uploads\/2021\/11\/e0a5751a-a1a3-40b5-941c-13f2bdcb330f.jpg 1.5x, https:\/\/aadaheritage.com\/wp-content\/uploads\/2021\/11\/e0a5751a-a1a3-40b5-941c-13f2bdcb330f.jpg 2x"},"classes":[]}],"_links":{"self":[{"href":"https:\/\/aadaheritage.com\/en\/wp-json\/wp\/v2\/product\/776","targetHints":{"allow":["GET"]}}],"collection":[{"href":"https:\/\/aadaheritage.com\/en\/wp-json\/wp\/v2\/product"}],"about":[{"href":"https:\/\/aadaheritage.com\/en\/wp-json\/wp\/v2\/types\/product"}],"replies":[{"embeddable":true,"href":"https:\/\/aadaheritage.com\/en\/wp-json\/wp\/v2\/comments?post=776"}],"wp:featuredmedia":[{"embeddable":true,"href":"https:\/\/aadaheritage.com\/en\/wp-json\/wp\/v2\/media\/1960"}],"wp:attachment":[{"href":"https:\/\/aadaheritage.com\/en\/wp-json\/wp\/v2\/media?parent=776"}],"wp:term":[{"taxonomy":"product_brand","embeddable":true,"href":"https:\/\/aadaheritage.com\/en\/wp-json\/wp\/v2\/product_brand?post=776"},{"taxonomy":"product_cat","embeddable":true,"href":"https:\/\/aadaheritage.com\/en\/wp-json\/wp\/v2\/product_cat?post=776"},{"taxonomy":"product_tag","embeddable":true,"href":"https:\/\/aadaheritage.com\/en\/wp-json\/wp\/v2\/product_tag?post=776"}],"curies":[{"name":"wp","href":"https:\/\/api.w.org\/{rel}","templated":true}]}}